{"id":989815,"date":"2023-10-22T21:45:19","date_gmt":"2023-10-22T20:45:19","guid":{"rendered":"https:\/\/thathappyhealth.com\/?page_id=989815"},"modified":"2024-01-30T16:31:41","modified_gmt":"2024-01-30T16:31:41","slug":"products","status":"publish","type":"page","link":"https:\/\/thathappyhealth.com\/sq\/products\/","title":{"rendered":"Products"},"content":{"rendered":"<div data-elementor-type=\"wp-page\" data-elementor-id=\"989815\" class=\"elementor elementor-989815\" data-elementor-post-type=\"page\">\n\t\t\t\t\t\t\t<div class=\"elementor-element elementor-element-4520331 e-flex e-con-boxed e-con e-parent\" data-id=\"4520331\" data-element_type=\"container\" data-settings=\"{&quot;content_width&quot;:&quot;boxed&quot;}\" data-core-v316-plus=\"true\">\n\t\t\t\t\t<div class=\"e-con-inner\">\n\t\t<div class=\"elementor-element elementor-element-ba79032 e-con-full e-flex e-con e-child\" data-id=\"ba79032\" data-element_type=\"container\" data-settings=\"{&quot;content_width&quot;:&quot;full&quot;}\">\n\t\t\t\t<div class=\"elementor-element elementor-element-553ec20 elementor-widget elementor-widget-heading\" data-id=\"553ec20\" data-element_type=\"widget\" data-widget_type=\"heading.default\">\n\t\t\t\t<div class=\"elementor-widget-container\">\n\t\t\t<style>\/*! elementor - v3.17.0 - 25-10-2023 *\/\n.elementor-heading-title{padding:0;margin:0;line-height:1}.elementor-widget-heading .elementor-heading-title[class*=elementor-size-]>a{color:inherit;font-size:inherit;line-height:inherit}.elementor-widget-heading .elementor-heading-title.elementor-size-small{font-size:15px}.elementor-widget-heading .elementor-heading-title.elementor-size-medium{font-size:19px}.elementor-widget-heading .elementor-heading-title.elementor-size-large{font-size:29px}.elementor-widget-heading .elementor-heading-title.elementor-size-xl{font-size:39px}.elementor-widget-heading .elementor-heading-title.elementor-size-xxl{font-size:59px}<\/style><h2 class=\"elementor-heading-title elementor-size-default\">Produktet tona<\/h2>\t\t<\/div>\n\t\t\t\t<\/div>\n\t\t\t\t<div class=\"elementor-element elementor-element-00a394f elementor-widget elementor-widget-heading\" data-id=\"00a394f\" data-element_type=\"widget\" data-widget_type=\"heading.default\">\n\t\t\t\t<div class=\"elementor-widget-container\">\n\t\t\t<h2 class=\"elementor-heading-title elementor-size-default\">Produktet e sh\u00ebndetit dhe mir\u00ebqenies<\/h2>\t\t<\/div>\n\t\t\t\t<\/div>\n\t\t\t\t<div class=\"elementor-element elementor-element-6580ecb elementor-widget__width-initial elementor-widget elementor-widget-text-editor\" data-id=\"6580ecb\" data-element_type=\"widget\" data-widget_type=\"text-editor.default\">\n\t\t\t\t<div class=\"elementor-widget-container\">\n\t\t\t<style>\/*! elementor - v3.17.0 - 25-10-2023 *\/\n.elementor-widget-text-editor.elementor-drop-cap-view-stacked .elementor-drop-cap{background-color:#69727d;color:#fff}.elementor-widget-text-editor.elementor-drop-cap-view-framed .elementor-drop-cap{color:#69727d;border:3px solid;background-color:transparent}.elementor-widget-text-editor:not(.elementor-drop-cap-view-default) .elementor-drop-cap{margin-top:8px}.elementor-widget-text-editor:not(.elementor-drop-cap-view-default) .elementor-drop-cap-letter{width:1em;height:1em}.elementor-widget-text-editor .elementor-drop-cap{float:left;text-align:center;line-height:1;font-size:50px}.elementor-widget-text-editor .elementor-drop-cap-letter{display:inline-block}<\/style>\t\t\t\t<p>Mir\u00eb se vini n\u00eb platform\u00ebn ton\u00eb dixhitale t\u00eb fundit, partneri juaj i besuar n\u00eb udh\u00ebtimin tuaj drejt sh\u00ebndetit dhe mir\u00ebqenies m\u00eb t\u00eb mir\u00eb.<\/p>\t\t\t\t\t\t<\/div>\n\t\t\t\t<\/div>\n\t\t\t\t<\/div>\n\t\t<div class=\"elementor-element elementor-element-a52a13a e-con-full e-flex e-con e-child\" data-id=\"a52a13a\" data-element_type=\"container\" data-settings=\"{&quot;content_width&quot;:&quot;full&quot;}\">\n\t\t\t\t<div class=\"elementor-element elementor-element-264f6a5 elementor-widget elementor-widget-image\" data-id=\"264f6a5\" data-element_type=\"widget\" data-widget_type=\"image.default\">\n\t\t\t\t<div class=\"elementor-widget-container\">\n\t\t\t<style>\/*! elementor - v3.17.0 - 25-10-2023 *\/\n.elementor-widget-image{text-align:center}.elementor-widget-image a{display:inline-block}.elementor-widget-image a img[src$=\".svg\"]{width:48px}.elementor-widget-image img{vertical-align:middle;display:inline-block}<\/style>\t\t\t\t<div class=\"elementor-image\">\n\t\t\t\t\t\t\t\t\t\t\t\t\t\t\t\t\t\t\t\t\t<img loading=\"lazy\" decoding=\"async\" width=\"1000\" height=\"1000\" src=\"https:\/\/thathappyhealth.com\/wp-content\/uploads\/2024\/01\/bann.png\" class=\"attachment-full size-full wp-image-991553\" alt=\"\" srcset=\"https:\/\/thathappyhealth.com\/wp-content\/uploads\/2024\/01\/bann.png 1000w, https:\/\/thathappyhealth.com\/wp-content\/uploads\/2024\/01\/bann-300x300.png 300w, https:\/\/thathappyhealth.com\/wp-content\/uploads\/2024\/01\/bann-150x150.png 150w, https:\/\/thathappyhealth.com\/wp-content\/uploads\/2024\/01\/bann-768x768.png 768w, https:\/\/thathappyhealth.com\/wp-content\/uploads\/2024\/01\/bann-400x400.png 400w, https:\/\/thathappyhealth.com\/wp-content\/uploads\/2024\/01\/bann-840x840.png 840w, https:\/\/thathappyhealth.com\/wp-content\/uploads\/2024\/01\/bann-650x650.png 650w, https:\/\/thathappyhealth.com\/wp-content\/uploads\/2024\/01\/bann-420x420.png 420w, https:\/\/thathappyhealth.com\/wp-content\/uploads\/2024\/01\/bann-630x630.png 630w, https:\/\/thathappyhealth.com\/wp-content\/uploads\/2024\/01\/bann-315x315.png 315w\" sizes=\"(max-width: 1000px) 100vw, 1000px\" \/>\t\t\t\t\t\t\t\t\t\t\t\t\t\t\t\t\t\t\t\t\t\t\t\t<\/div>\n\t\t\t\t\t\t<\/div>\n\t\t\t\t<\/div>\n\t\t\t\t<\/div>\n\t\t\t\t\t<\/div>\n\t\t\t\t<\/div>\n\t\t<div class=\"elementor-element elementor-element-a64ac8f e-flex e-con-boxed e-con e-parent\" data-id=\"a64ac8f\" data-element_type=\"container\" data-settings=\"{&quot;background_background&quot;:&quot;classic&quot;,&quot;content_width&quot;:&quot;boxed&quot;}\" data-core-v316-plus=\"true\">\n\t\t\t\t\t<div class=\"e-con-inner\">\n\t\t\t\t<div class=\"elementor-element elementor-element-270f824 elementor-widget__width-initial elementor-widget elementor-widget-text-editor\" data-id=\"270f824\" data-element_type=\"widget\" data-widget_type=\"text-editor.default\">\n\t\t\t\t<div class=\"elementor-widget-container\">\n\t\t\t\t\t\t\t<p>Ne e kuptojm\u00eb se arritja e q\u00ebllimeve tuaja sh\u00ebndet\u00ebsore nuk ka t\u00eb b\u00ebj\u00eb vet\u00ebm me produktet; ka t\u00eb b\u00ebj\u00eb me udh\u00ebzimet, rezultatet dhe at\u00eb faktor shum\u00eb t\u00eb r\u00ebnd\u00ebsish\u00ebm t\u00eb ndjenj\u00ebs s\u00eb mir\u00eb. Kjo \u00ebsht\u00eb arsyeja pse platforma jon\u00eb \u00ebsht\u00eb krijuar p\u00ebr t'ju fuqizuar n\u00eb \u00e7do hap t\u00eb udh\u00ebtimit tuaj t\u00eb mir\u00ebqenies.<\/p>\t\t\t\t\t\t<\/div>\n\t\t\t\t<\/div>\n\t\t\t\t\t<\/div>\n\t\t\t\t<\/div>\n\t\t<div class=\"elementor-element elementor-element-d6907c2 e-flex e-con-boxed e-con e-parent\" data-id=\"d6907c2\" data-element_type=\"container\" data-settings=\"{&quot;background_background&quot;:&quot;classic&quot;,&quot;content_width&quot;:&quot;boxed&quot;}\" data-core-v316-plus=\"true\">\n\t\t\t\t\t<div class=\"e-con-inner\">\n\t\t\t\t<div class=\"elementor-element elementor-element-7f0ea0e elementor-widget__width-initial elementor-widget elementor-widget-text-editor\" data-id=\"7f0ea0e\" data-element_type=\"widget\" data-widget_type=\"text-editor.default\">\n\t\t\t\t<div class=\"elementor-widget-container\">\n\t\t\t\t\t\t\t<p>BLINI PRODUKTET TONA<\/p>\t\t\t\t\t\t<\/div>\n\t\t\t\t<\/div>\n\t\t\t\t\t<\/div>\n\t\t\t\t<\/div>\n\t\t<div class=\"elementor-element elementor-element-940c197 e-flex e-con-boxed e-con e-parent\" data-id=\"940c197\" data-element_type=\"container\" data-settings=\"{&quot;content_width&quot;:&quot;boxed&quot;}\" data-core-v316-plus=\"true\">\n\t\t\t\t\t<div class=\"e-con-inner\">\n\t\t\t\t\t<\/div>\n\t\t\t\t<\/div>\n\t\t<div class=\"elementor-element elementor-element-94fa81c e-flex e-con-boxed e-con e-parent\" data-id=\"94fa81c\" data-element_type=\"container\" data-settings=\"{&quot;background_background&quot;:&quot;classic&quot;,&quot;content_width&quot;:&quot;boxed&quot;}\" data-core-v316-plus=\"true\">\n\t\t\t\t\t<div class=\"e-con-inner\">\n\t\t<div class=\"elementor-element elementor-element-b74e182 e-con-full e-flex e-con e-child\" data-id=\"b74e182\" data-element_type=\"container\" data-settings=\"{&quot;content_width&quot;:&quot;full&quot;}\">\n\t\t\t\t<div class=\"elementor-element elementor-element-b723c79 elementor-widget elementor-widget-heading\" data-id=\"b723c79\" data-element_type=\"widget\" data-settings=\"{&quot;_animation&quot;:&quot;none&quot;}\" data-widget_type=\"heading.default\">\n\t\t\t\t<div class=\"elementor-widget-container\">\n\t\t\t<h2 class=\"elementor-heading-title elementor-size-default\">MIR\u00cbQENI<\/h2>\t\t<\/div>\n\t\t\t\t<\/div>\n\t\t\t\t<div class=\"elementor-element elementor-element-1c77cec elementor-invisible elementor-widget elementor-widget-heading\" data-id=\"1c77cec\" data-element_type=\"widget\" data-settings=\"{&quot;_animation&quot;:&quot;fadeIn&quot;,&quot;_animation_delay&quot;:100,&quot;_animation_tablet&quot;:&quot;none&quot;,&quot;_animation_mobile&quot;:&quot;none&quot;}\" data-widget_type=\"heading.default\">\n\t\t\t\t<div class=\"elementor-widget-container\">\n\t\t\t<h3 class=\"elementor-heading-title elementor-size-default\">Ne besojm\u00eb se mir\u00ebqenia \u00ebsht\u00eb nj\u00eb udh\u00ebtim personal dhe kjo \u00ebsht\u00eb arsyeja pse ne ju ofrojm\u00eb udh\u00ebzime t\u00eb ekspert\u00ebve t\u00eb p\u00ebrshtatur p\u00ebr nevojat tuaja unike.<\/h3>\t\t<\/div>\n\t\t\t\t<\/div>\n\t\t\t\t<div class=\"elementor-element elementor-element-2c06c5e elementor-widget elementor-widget-text-editor\" data-id=\"2c06c5e\" data-element_type=\"widget\" data-widget_type=\"text-editor.default\">\n\t\t\t\t<div class=\"elementor-widget-container\">\n\t\t\t\t\t\t\t<p>Ekipi yn\u00eb i profesionist\u00ebve me p\u00ebrvoj\u00eb \u00ebsht\u00eb k\u00ebtu p\u00ebr t\u00eb ofruar k\u00ebshilla, p\u00ebr t'iu p\u00ebrgjigjur pyetjeve tuaja dhe p\u00ebr t'ju ndihmuar t\u00eb b\u00ebni zgjedhje t\u00eb informuara p\u00ebr produktet q\u00eb p\u00ebrputhen m\u00eb mir\u00eb me q\u00ebllimet tuaja.<\/p><p>Ne jemi t\u00eb p\u00ebrkushtuar t'ju ndihmojm\u00eb t'i ktheni n\u00eb realitet aspiratat tuaja sh\u00ebndet\u00ebsore. Gama jon\u00eb e produkteve t\u00eb sh\u00ebndetit \u00ebsht\u00eb kuruar me kujdes p\u00ebr t'ju mb\u00ebshtetur n\u00eb arritjen e rezultateve t\u00eb prekshme. Pavar\u00ebsisht n\u00ebse po k\u00ebrkoni t\u00eb p\u00ebrmir\u00ebsoni gjendjen tuaj fizike, t\u00eb p\u00ebrmir\u00ebsoni ushqimin tuaj ose t\u00eb p\u00ebrmir\u00ebsoni mir\u00ebqenien tuaj mendore, produktet tona mb\u00ebshteten nga shkenca dhe jan\u00eb provuar se b\u00ebjn\u00eb ndryshim.<\/p><p>Mir\u00ebqenie nuk ka t\u00eb b\u00ebj\u00eb vet\u00ebm me sh\u00ebndetin fizik; ka t\u00eb b\u00ebj\u00eb gjithashtu me ndjenj\u00ebn e mir\u00eb n\u00eb trupin dhe mendjen tuaj. Platforma jon\u00eb ofron nj\u00eb p\u00ebrzgjedhje produktesh dhe sh\u00ebrbimesh q\u00eb kontribuojn\u00eb n\u00eb mir\u00ebqenien tuaj t\u00eb p\u00ebrgjithshme, duke ju siguruar q\u00eb jo vet\u00ebm t\u00eb dukeni m\u00eb mir\u00eb, por edhe t\u00eb ndiheni m\u00eb mir\u00eb.<\/p><p>Me nd\u00ebrfaqen ton\u00eb miq\u00ebsore p\u00ebr p\u00ebrdoruesit, ju mund t\u00eb shfletoni, zgjidhni dhe blini me leht\u00ebsi produktet q\u00eb rezonojn\u00eb me q\u00ebllimet tuaja sh\u00ebndet\u00ebsore. Ne besojm\u00eb se kujdesi p\u00ebr sh\u00ebndetin tuaj duhet t\u00eb jet\u00eb nj\u00eb p\u00ebrvoj\u00eb e k\u00ebndshme dhe pa stres.<\/p><p>Bashkohuni me komunitetin ton\u00eb t\u00eb individ\u00ebve me t\u00eb nj\u00ebjtin mendim, t\u00eb cil\u00ebt jan\u00eb t\u00eb p\u00ebrkushtuar p\u00ebr t\u00eb jetuar jet\u00eb m\u00eb t\u00eb sh\u00ebndetshme dhe m\u00eb t\u00eb lumtur. Le t\u00eb jemi partneri juaj i besuar n\u00eb k\u00ebrkimin tuaj t\u00eb mir\u00ebqenies. Udh\u00ebtimi juaj fillon k\u00ebtu.<\/p><p>Zbuloni mir\u00ebqenien. Arritni rezultate. Ndjehu mir\u00eb. Mir\u00eb se vini n\u00eb platform\u00ebn ton\u00eb.<\/p>\t\t\t\t\t\t<\/div>\n\t\t\t\t<\/div>\n\t\t\t\t<\/div>\n\t\t\t\t\t<\/div>\n\t\t\t\t<\/div>\n\t\t\t\t\t\t\t<\/div>","protected":false},"excerpt":{"rendered":"<p>Our products Health &#038; Wellness Products Welcome to our cutting-edge digital platform, your trusted partner on your journey towards better health and well-being. We understand that achieving your health goals isn&#8217;t just about products; it&#8217;s about guidance, results, and that all-important feel-good factor. That&#8217;s why our platform is designed to empower you in every step&#8230;<\/p>","protected":false},"author":1,"featured_media":988278,"parent":0,"menu_order":0,"comment_status":"closed","ping_status":"closed","template":"","meta":{"_acf_changed":false,"inline_featured_image":false,"footnotes":""},"class_list":["post-989815","page","type-page","status-publish","has-post-thumbnail","hentry"],"acf":[],"_links":{"self":[{"href":"https:\/\/thathappyhealth.com\/sq\/wp-json\/wp\/v2\/pages\/989815"}],"collection":[{"href":"https:\/\/thathappyhealth.com\/sq\/wp-json\/wp\/v2\/pages"}],"about":[{"href":"https:\/\/thathappyhealth.com\/sq\/wp-json\/wp\/v2\/types\/page"}],"author":[{"embeddable":true,"href":"https:\/\/thathappyhealth.com\/sq\/wp-json\/wp\/v2\/users\/1"}],"replies":[{"embeddable":true,"href":"https:\/\/thathappyhealth.com\/sq\/wp-json\/wp\/v2\/comments?post=989815"}],"version-history":[{"count":67,"href":"https:\/\/thathappyhealth.com\/sq\/wp-json\/wp\/v2\/pages\/989815\/revisions"}],"predecessor-version":[{"id":991744,"href":"https:\/\/thathappyhealth.com\/sq\/wp-json\/wp\/v2\/pages\/989815\/revisions\/991744"}],"wp:featuredmedia":[{"embeddable":true,"href":"https:\/\/thathappyhealth.com\/sq\/wp-json\/wp\/v2\/media\/988278"}],"wp:attachment":[{"href":"https:\/\/thathappyhealth.com\/sq\/wp-json\/wp\/v2\/media?parent=989815"}],"curies":[{"name":"wp","href":"https:\/\/api.w.org\/{rel}","templated":true}]}}