{"id":990903,"date":"2023-11-21T12:13:53","date_gmt":"2023-11-21T12:13:53","guid":{"rendered":"https:\/\/thathappyhealth.com\/?page_id=990903"},"modified":"2023-12-27T14:40:46","modified_gmt":"2023-12-27T14:40:46","slug":"wellnessgifts","status":"publish","type":"page","link":"https:\/\/thathappyhealth.com\/sq\/wellnessgifts\/","title":{"rendered":"Wellness Gifts"},"content":{"rendered":"<div data-elementor-type=\"wp-page\" data-elementor-id=\"990903\" class=\"elementor elementor-990903\" data-elementor-post-type=\"page\">\n\t\t\t\t\t\t\t<div class=\"elementor-element elementor-element-4520331 e-flex e-con-boxed e-con e-parent\" data-id=\"4520331\" data-element_type=\"container\" data-settings=\"{&quot;content_width&quot;:&quot;boxed&quot;}\" data-core-v316-plus=\"true\">\n\t\t\t\t\t<div class=\"e-con-inner\">\n\t\t<div class=\"elementor-element elementor-element-ba79032 e-con-full e-flex e-con e-child\" data-id=\"ba79032\" data-element_type=\"container\" data-settings=\"{&quot;content_width&quot;:&quot;full&quot;}\">\n\t\t\t\t<div class=\"elementor-element elementor-element-553ec20 elementor-widget elementor-widget-heading\" data-id=\"553ec20\" data-element_type=\"widget\" data-widget_type=\"heading.default\">\n\t\t\t\t<div class=\"elementor-widget-container\">\n\t\t\t<style>\/*! elementor - v3.17.0 - 25-10-2023 *\/\n.elementor-heading-title{padding:0;margin:0;line-height:1}.elementor-widget-heading .elementor-heading-title[class*=elementor-size-]>a{color:inherit;font-size:inherit;line-height:inherit}.elementor-widget-heading .elementor-heading-title.elementor-size-small{font-size:15px}.elementor-widget-heading .elementor-heading-title.elementor-size-medium{font-size:19px}.elementor-widget-heading .elementor-heading-title.elementor-size-large{font-size:29px}.elementor-widget-heading .elementor-heading-title.elementor-size-xl{font-size:39px}.elementor-widget-heading .elementor-heading-title.elementor-size-xxl{font-size:59px}<\/style><h2 class=\"elementor-heading-title elementor-size-default\">DHURATAT E MIR\u00cbQENI\u00cbS<\/h2>\t\t<\/div>\n\t\t\t\t<\/div>\n\t\t\t\t<div class=\"elementor-element elementor-element-00a394f elementor-widget elementor-widget-heading\" data-id=\"00a394f\" data-element_type=\"widget\" data-widget_type=\"heading.default\">\n\t\t\t\t<div class=\"elementor-widget-container\">\n\t\t\t<h2 class=\"elementor-heading-title elementor-size-default\">Kupon\u00eb DHURATE<\/h2>\t\t<\/div>\n\t\t\t\t<\/div>\n\t\t\t\t<div class=\"elementor-element elementor-element-6580ecb elementor-widget__width-initial elementor-widget elementor-widget-text-editor\" data-id=\"6580ecb\" data-element_type=\"widget\" data-widget_type=\"text-editor.default\">\n\t\t\t\t<div class=\"elementor-widget-container\">\n\t\t\t<style>\/*! elementor - v3.17.0 - 25-10-2023 *\/\n.elementor-widget-text-editor.elementor-drop-cap-view-stacked .elementor-drop-cap{background-color:#69727d;color:#fff}.elementor-widget-text-editor.elementor-drop-cap-view-framed .elementor-drop-cap{color:#69727d;border:3px solid;background-color:transparent}.elementor-widget-text-editor:not(.elementor-drop-cap-view-default) .elementor-drop-cap{margin-top:8px}.elementor-widget-text-editor:not(.elementor-drop-cap-view-default) .elementor-drop-cap-letter{width:1em;height:1em}.elementor-widget-text-editor .elementor-drop-cap{float:left;text-align:center;line-height:1;font-size:50px}.elementor-widget-text-editor .elementor-drop-cap-letter{display:inline-block}<\/style>\t\t\t\t<p>Ne jemi tre fish t\u00eb lumtur p\u00ebr lansimin e kuponave t\u00eb dhuratave t\u00eb mir\u00ebq\u00ebnies. Bashk\u00ebpunimi me komunitetin t\u00eb mir\u00ebqenies q\u00eb po rritet n\u00eb m\u00ebnyr\u00eb t\u00eb p\u00ebrshpejtuar dhe ne jemi shum\u00eb t\u00eb g\u00ebzuar<\/p>\t\t\t\t\t\t<\/div>\n\t\t\t\t<\/div>\n\t\t\t\t<\/div>\n\t\t<div class=\"elementor-element elementor-element-a52a13a e-con-full e-flex e-con e-child\" data-id=\"a52a13a\" data-element_type=\"container\" data-settings=\"{&quot;content_width&quot;:&quot;full&quot;}\">\n\t\t\t\t<div class=\"elementor-element elementor-element-264f6a5 elementor-widget elementor-widget-image\" data-id=\"264f6a5\" data-element_type=\"widget\" data-widget_type=\"image.default\">\n\t\t\t\t<div class=\"elementor-widget-container\">\n\t\t\t<style>\/*! elementor - v3.17.0 - 25-10-2023 *\/\n.elementor-widget-image{text-align:center}.elementor-widget-image a{display:inline-block}.elementor-widget-image a img[src$=\".svg\"]{width:48px}.elementor-widget-image img{vertical-align:middle;display:inline-block}<\/style>\t\t\t\t<div class=\"elementor-image\">\n\t\t\t\t\t\t\t\t\t\t\t\t\t\t\t\t\t\t\t\t\t<img loading=\"lazy\" decoding=\"async\" width=\"1080\" height=\"1000\" src=\"https:\/\/thathappyhealth.com\/wp-content\/uploads\/2023\/12\/voucher_banner.png\" class=\"attachment-full size-full wp-image-991158\" alt=\"\" srcset=\"https:\/\/thathappyhealth.com\/wp-content\/uploads\/2023\/12\/voucher_banner.png 1080w, https:\/\/thathappyhealth.com\/wp-content\/uploads\/2023\/12\/voucher_banner-300x278.png 300w, https:\/\/thathappyhealth.com\/wp-content\/uploads\/2023\/12\/voucher_banner-1024x948.png 1024w, https:\/\/thathappyhealth.com\/wp-content\/uploads\/2023\/12\/voucher_banner-768x711.png 768w, https:\/\/thathappyhealth.com\/wp-content\/uploads\/2023\/12\/voucher_banner-630x583.png 630w\" sizes=\"(max-width: 1080px) 100vw, 1080px\" \/>\t\t\t\t\t\t\t\t\t\t\t\t\t\t\t\t\t\t\t\t\t\t\t\t<\/div>\n\t\t\t\t\t\t<\/div>\n\t\t\t\t<\/div>\n\t\t\t\t<\/div>\n\t\t\t\t\t<\/div>\n\t\t\t\t<\/div>\n\t\t<div class=\"elementor-element elementor-element-a64ac8f e-flex e-con-boxed e-con e-parent\" data-id=\"a64ac8f\" data-element_type=\"container\" data-settings=\"{&quot;background_background&quot;:&quot;classic&quot;,&quot;content_width&quot;:&quot;boxed&quot;}\" data-core-v316-plus=\"true\">\n\t\t\t\t\t<div class=\"e-con-inner\">\n\t\t\t\t<div class=\"elementor-element elementor-element-270f824 elementor-widget__width-initial elementor-widget elementor-widget-text-editor\" data-id=\"270f824\" data-element_type=\"widget\" data-widget_type=\"text-editor.default\">\n\t\t\t\t<div class=\"elementor-widget-container\">\n\t\t\t\t\t\t\t<p>Dhuratat e mireqenies jan\u00eb nj\u00eb m\u00ebnyr\u00eb e menduar p\u00ebr t'i treguar dikujt q\u00eb kujdeseni p\u00ebr sh\u00ebndetin dhe lumturin\u00eb e tyre. Pavar\u00ebsisht n\u00ebse \u00ebsht\u00eb nj\u00eb dit\u00eb spa, nj\u00eb pushim meditimi, nj\u00eb paket\u00eb klasash fitnesi ose ndonj\u00eb p\u00ebrvoj\u00eb tjet\u00ebr e p\u00ebrqendruar te sh\u00ebndeti, k\u00ebto dhurata mund t\u00eb ofrojn\u00eb nj\u00eb pushim dhe p\u00ebrt\u00ebritje shum\u00eb t\u00eb nevojshme. N\u00ebse keni pyetje specifike ose keni nevoj\u00eb p\u00ebr ide p\u00ebr dhuratat e sh\u00ebndetit, mos ngurroni t\u00eb pyesni dhe un\u00eb do t\u00eb jem i lumtur t'ju ndihmoj!<\/p>\t\t\t\t\t\t<\/div>\n\t\t\t\t<\/div>\n\t\t\t\t\t<\/div>\n\t\t\t\t<\/div>\n\t\t<div class=\"elementor-element elementor-element-d6907c2 e-flex e-con-boxed e-con e-parent\" data-id=\"d6907c2\" data-element_type=\"container\" data-settings=\"{&quot;background_background&quot;:&quot;classic&quot;,&quot;content_width&quot;:&quot;boxed&quot;}\" data-core-v316-plus=\"true\">\n\t\t\t\t\t<div class=\"e-con-inner\">\n\t\t\t\t<div class=\"elementor-element elementor-element-7f0ea0e elementor-widget__width-initial elementor-widget elementor-widget-text-editor\" data-id=\"7f0ea0e\" data-element_type=\"widget\" data-widget_type=\"text-editor.default\">\n\t\t\t\t<div class=\"elementor-widget-container\">\n\t\t\t\t\t\t\t<p>KUPON  DHURAT\u00cb MIR\u00cbQENIE<\/p>\t\t\t\t\t\t<\/div>\n\t\t\t\t<\/div>\n\t\t\t\t\t<\/div>\n\t\t\t\t<\/div>\n\t\t<div class=\"elementor-element elementor-element-44411520 e-flex e-con-boxed e-con e-parent\" data-id=\"44411520\" data-element_type=\"container\" data-settings=\"{&quot;content_width&quot;:&quot;boxed&quot;}\" data-core-v316-plus=\"true\">\n\t\t\t\t\t<div class=\"e-con-inner\">\n\t\t\t\t\t<\/div>\n\t\t\t\t<\/div>\n\t\t\t\t\t\t\t<\/div>","protected":false},"excerpt":{"rendered":"<p>WELLNESS GIFTS GIFT Vouchers We are triply exited for the launch of our wellness gift voucher experience. Our community of wellness collaboration is growing in accelerated manner and we are overjoyed \ud83d\ude80 Wellness gifts are a thoughtful way to show someone you care about their health and happiness. Whether it&#8217;s a spa day, a meditation&#8230;<\/p>","protected":false},"author":1,"featured_media":988278,"parent":0,"menu_order":0,"comment_status":"closed","ping_status":"closed","template":"","meta":{"_acf_changed":false,"inline_featured_image":false,"footnotes":""},"class_list":["post-990903","page","type-page","status-publish","has-post-thumbnail","hentry"],"acf":[],"_links":{"self":[{"href":"https:\/\/thathappyhealth.com\/sq\/wp-json\/wp\/v2\/pages\/990903"}],"collection":[{"href":"https:\/\/thathappyhealth.com\/sq\/wp-json\/wp\/v2\/pages"}],"about":[{"href":"https:\/\/thathappyhealth.com\/sq\/wp-json\/wp\/v2\/types\/page"}],"author":[{"embeddable":true,"href":"https:\/\/thathappyhealth.com\/sq\/wp-json\/wp\/v2\/users\/1"}],"replies":[{"embeddable":true,"href":"https:\/\/thathappyhealth.com\/sq\/wp-json\/wp\/v2\/comments?post=990903"}],"version-history":[{"count":21,"href":"https:\/\/thathappyhealth.com\/sq\/wp-json\/wp\/v2\/pages\/990903\/revisions"}],"predecessor-version":[{"id":991214,"href":"https:\/\/thathappyhealth.com\/sq\/wp-json\/wp\/v2\/pages\/990903\/revisions\/991214"}],"wp:featuredmedia":[{"embeddable":true,"href":"https:\/\/thathappyhealth.com\/sq\/wp-json\/wp\/v2\/media\/988278"}],"wp:attachment":[{"href":"https:\/\/thathappyhealth.com\/sq\/wp-json\/wp\/v2\/media?parent=990903"}],"curies":[{"name":"wp","href":"https:\/\/api.w.org\/{rel}","templated":true}]}}