{"id":991104,"date":"2023-12-23T00:25:31","date_gmt":"2023-12-23T00:25:31","guid":{"rendered":"https:\/\/thathappyhealth.com\/?page_id=991104"},"modified":"2024-06-05T20:04:50","modified_gmt":"2024-06-05T19:04:50","slug":"vildan-ademay","status":"publish","type":"page","link":"https:\/\/thathappyhealth.com\/sq\/experts\/vildan-ademay\/","title":{"rendered":"Vildan Ademay"},"content":{"rendered":"<div data-elementor-type=\"wp-page\" data-elementor-id=\"991104\" class=\"elementor elementor-991104\" data-elementor-post-type=\"page\">\n\t\t\t\t\t\t\t<div class=\"elementor-element elementor-element-4520331 e-flex e-con-boxed e-con e-parent\" data-id=\"4520331\" data-element_type=\"container\" data-settings=\"{&quot;content_width&quot;:&quot;boxed&quot;}\" data-core-v316-plus=\"true\">\n\t\t\t\t\t<div class=\"e-con-inner\">\n\t\t<div class=\"elementor-element elementor-element-ba79032 e-con-full e-flex e-con e-child\" data-id=\"ba79032\" data-element_type=\"container\" data-settings=\"{&quot;content_width&quot;:&quot;full&quot;}\">\n\t\t\t\t<div class=\"elementor-element elementor-element-553ec20 elementor-widget elementor-widget-heading\" data-id=\"553ec20\" data-element_type=\"widget\" data-widget_type=\"heading.default\">\n\t\t\t\t<div class=\"elementor-widget-container\">\n\t\t\t<style>\/*! elementor - v3.17.0 - 25-10-2023 *\/\n.elementor-heading-title{padding:0;margin:0;line-height:1}.elementor-widget-heading .elementor-heading-title[class*=elementor-size-]>a{color:inherit;font-size:inherit;line-height:inherit}.elementor-widget-heading .elementor-heading-title.elementor-size-small{font-size:15px}.elementor-widget-heading .elementor-heading-title.elementor-size-medium{font-size:19px}.elementor-widget-heading .elementor-heading-title.elementor-size-large{font-size:29px}.elementor-widget-heading .elementor-heading-title.elementor-size-xl{font-size:39px}.elementor-widget-heading .elementor-heading-title.elementor-size-xxl{font-size:59px}<\/style><h2 class=\"elementor-heading-title elementor-size-default\"><a href=\"https:\/\/www.nytimes.com\/wirecutter\/reviews\/best-dna-test\/\">USHQIMI<\/a><\/h2>\t\t<\/div>\n\t\t\t\t<\/div>\n\t\t\t\t<div class=\"elementor-element elementor-element-00a394f elementor-widget elementor-widget-heading\" data-id=\"00a394f\" data-element_type=\"widget\" data-widget_type=\"heading.default\">\n\t\t\t\t<div class=\"elementor-widget-container\">\n\t\t\t<h2 class=\"elementor-heading-title elementor-size-default\">Vildan ademay<\/h2>\t\t<\/div>\n\t\t\t\t<\/div>\n\t\t\t\t<div class=\"elementor-element elementor-element-6580ecb elementor-widget__width-initial elementor-widget elementor-widget-text-editor\" data-id=\"6580ecb\" data-element_type=\"widget\" data-widget_type=\"text-editor.default\">\n\t\t\t\t<div class=\"elementor-widget-container\">\n\t\t\t<style>\/*! elementor - v3.17.0 - 25-10-2023 *\/\n.elementor-widget-text-editor.elementor-drop-cap-view-stacked .elementor-drop-cap{background-color:#69727d;color:#fff}.elementor-widget-text-editor.elementor-drop-cap-view-framed .elementor-drop-cap{color:#69727d;border:3px solid;background-color:transparent}.elementor-widget-text-editor:not(.elementor-drop-cap-view-default) .elementor-drop-cap{margin-top:8px}.elementor-widget-text-editor:not(.elementor-drop-cap-view-default) .elementor-drop-cap-letter{width:1em;height:1em}.elementor-widget-text-editor .elementor-drop-cap{float:left;text-align:center;line-height:1;font-size:50px}.elementor-widget-text-editor .elementor-drop-cap-letter{display:inline-block}<\/style>\t\t\t\t<p>\u201cP\u00ebrmbajtja e diet\u00ebs duhet t\u00eb jet\u00eb si gjurm\u00eb gishtash; Unik p\u00ebr \u00e7do Individ, larg dietave t\u00eb zakonshme dhe t\u00eb p\u00ebrgjithshme!\u201d<\/p>\t\t\t\t\t\t<\/div>\n\t\t\t\t<\/div>\n\t\t\t\t<div class=\"elementor-element elementor-element-9c839ef elementor-widget elementor-widget-shortcode\" data-id=\"9c839ef\" data-element_type=\"widget\" data-widget_type=\"shortcode.default\">\n\t\t\t\t<div class=\"elementor-widget-container\">\n\t\t\t\t\t<div class=\"elementor-shortcode\"><div class=\"latepoint-book-button os_trigger_booking\" data-selected-agent=\"2\"  style=\"margin-top: 10px\" data-nonce=\"5a4a19e713\">Book Appointment<\/div><\/div>\n\t\t\t\t<\/div>\n\t\t\t\t<\/div>\n\t\t\t\t<\/div>\n\t\t<div class=\"elementor-element elementor-element-a52a13a e-con-full e-flex e-con e-child\" data-id=\"a52a13a\" data-element_type=\"container\" data-settings=\"{&quot;content_width&quot;:&quot;full&quot;}\">\n\t\t\t\t<div class=\"elementor-element elementor-element-264f6a5 elementor-widget elementor-widget-image\" data-id=\"264f6a5\" data-element_type=\"widget\" data-widget_type=\"image.default\">\n\t\t\t\t<div class=\"elementor-widget-container\">\n\t\t\t<style>\/*! elementor - v3.17.0 - 25-10-2023 *\/\n.elementor-widget-image{text-align:center}.elementor-widget-image a{display:inline-block}.elementor-widget-image a img[src$=\".svg\"]{width:48px}.elementor-widget-image img{vertical-align:middle;display:inline-block}<\/style>\t\t\t\t<div class=\"elementor-image\">\n\t\t\t\t\t\t\t\t\t\t\t\t\t\t\t\t\t\t\t\t\t<img loading=\"lazy\" decoding=\"async\" width=\"511\" height=\"420\" src=\"https:\/\/thathappyhealth.com\/wp-content\/uploads\/2023\/12\/Mask-group.png\" class=\"attachment-full size-full wp-image-991040\" alt=\"\" srcset=\"https:\/\/thathappyhealth.com\/wp-content\/uploads\/2023\/12\/Mask-group.png 511w, https:\/\/thathappyhealth.com\/wp-content\/uploads\/2023\/12\/Mask-group-300x247.png 300w\" sizes=\"(max-width: 511px) 100vw, 511px\" \/>\t\t\t\t\t\t\t\t\t\t\t\t\t\t\t\t\t\t\t\t\t\t\t\t<\/div>\n\t\t\t\t\t\t<\/div>\n\t\t\t\t<\/div>\n\t\t\t\t<\/div>\n\t\t\t\t\t<\/div>\n\t\t\t\t<\/div>\n\t\t<div class=\"elementor-element elementor-element-a64ac8f e-flex e-con-boxed e-con e-parent\" data-id=\"a64ac8f\" data-element_type=\"container\" data-settings=\"{&quot;background_background&quot;:&quot;classic&quot;,&quot;content_width&quot;:&quot;boxed&quot;}\" data-core-v316-plus=\"true\">\n\t\t\t\t\t<div class=\"e-con-inner\">\n\t\t\t\t<div class=\"elementor-element elementor-element-c7d01af elementor-widget elementor-widget-heading\" data-id=\"c7d01af\" data-element_type=\"widget\" data-widget_type=\"heading.default\">\n\t\t\t\t<div class=\"elementor-widget-container\">\n\t\t\t<h2 class=\"elementor-heading-title elementor-size-default\">RRETH VILDAN ADEMAY<\/h2>\t\t<\/div>\n\t\t\t\t<\/div>\n\t\t\t\t<div class=\"elementor-element elementor-element-270f824 elementor-widget__width-initial elementor-widget elementor-widget-text-editor\" data-id=\"270f824\" data-element_type=\"widget\" data-widget_type=\"text-editor.default\">\n\t\t\t\t<div class=\"elementor-widget-container\">\n\t\t\t\t\t\t\t<p>\u201cN\u00eb vitin 2018, ajo u diplomua n\u00eb Departamentin e Ushqyerjes dhe Dietologjis\u00eb n\u00eb Universitetin Hacettepe. Q\u00eb nga viti 2020, ajo vazhdon studimet pasuniversitare n\u00eb Universitetin Marmara. Nga viti 2018 deri n\u00eb vitin 2021, ajo ka punuar n\u00eb fushat e praktik\u00ebs klinike, poliklinik\u00eb dhe kuzhin\u00eb n\u00eb Spitalin Amerikan, Spitalet e t\u00eb Rriturve dhe Pediatris\u00eb t\u00eb Universitetit Hacettepe, Spitali G\u00fcven n\u00eb Ankara dhe Universiteti Gazi.<\/p><p>Ajo fitoi p\u00ebrvoj\u00eb n\u00eb fusha t\u00eb ndryshme, duke p\u00ebrfshir\u00eb terapin\u00eb ushqimore p\u00ebr s\u00ebmundjet e t\u00eb rriturve dhe t\u00eb f\u00ebmij\u00ebve, t\u00eb ushqyerit n\u00eb klinika dhe poliklinika p\u00ebr s\u00ebmundje kronike si diabeti, s\u00ebmundjet e tiroides, hipertensioni, s\u00ebmundjet e zemr\u00ebs dhe vaskulare, terapia ushqimore para dhe pas operacionit bariatrike, terapia ushqimore onkologjike. , t\u00eb ushqyerit e n\u00ebn\u00ebs dhe f\u00ebmij\u00ebs dhe sistemet institucionale t\u00eb ushqimit.\u201d<\/p>\t\t\t\t\t\t<\/div>\n\t\t\t\t<\/div>\n\t\t\t\t\t<\/div>\n\t\t\t\t<\/div>\n\t\t<div class=\"elementor-element elementor-element-27b2df7 e-flex e-con-boxed e-con e-parent\" data-id=\"27b2df7\" data-element_type=\"container\" data-settings=\"{&quot;background_background&quot;:&quot;classic&quot;,&quot;content_width&quot;:&quot;boxed&quot;}\" data-core-v316-plus=\"true\">\n\t\t\t\t\t<div class=\"e-con-inner\">\n\t\t<div class=\"elementor-element elementor-element-1120045 e-con-full e-flex e-con e-child\" data-id=\"1120045\" data-element_type=\"container\" data-settings=\"{&quot;content_width&quot;:&quot;full&quot;}\">\n\t\t\t\t<div class=\"elementor-element elementor-element-0e93ce7 elementor-widget elementor-widget-heading\" data-id=\"0e93ce7\" data-element_type=\"widget\" data-settings=\"{&quot;_animation&quot;:&quot;none&quot;}\" data-widget_type=\"heading.default\">\n\t\t\t\t<div class=\"elementor-widget-container\">\n\t\t\t<h2 class=\"elementor-heading-title elementor-size-default\">VILDAN ADEMAY PROGRAMET<\/h2>\t\t<\/div>\n\t\t\t\t<\/div>\n\t\t\t\t<\/div>\n\t\t\t\t\t<\/div>\n\t\t\t\t<\/div>\n\t\t<div class=\"elementor-element elementor-element-1b86dbb e-flex e-con-boxed e-con e-parent\" data-id=\"1b86dbb\" data-element_type=\"container\" data-settings=\"{&quot;background_background&quot;:&quot;classic&quot;,&quot;content_width&quot;:&quot;boxed&quot;}\" data-core-v316-plus=\"true\">\n\t\t\t\t\t<div class=\"e-con-inner\">\n\t\t<div class=\"elementor-element elementor-element-0aa8b44 e-con-full e-flex e-con e-child\" data-id=\"0aa8b44\" data-element_type=\"container\" data-settings=\"{&quot;content_width&quot;:&quot;full&quot;,&quot;background_background&quot;:&quot;classic&quot;}\">\n\t\t\t\t<div class=\"elementor-element elementor-element-4dba0ac elementor-widget elementor-widget-image\" data-id=\"4dba0ac\" data-element_type=\"widget\" data-widget_type=\"image.default\">\n\t\t\t\t<div class=\"elementor-widget-container\">\n\t\t\t\t\t\t\t<div class=\"elementor-image\">\n\t\t\t\t\t\t\t\t\t\t\t\t\t\t\t\t\t\t\t\t\t<img loading=\"lazy\" decoding=\"async\" width=\"800\" height=\"800\" src=\"https:\/\/thathappyhealth.com\/wp-content\/uploads\/2024\/01\/Intermittant-fasting-7e65fbb-1.jpg\" class=\"attachment-large size-large wp-image-991291\" alt=\"\" srcset=\"https:\/\/thathappyhealth.com\/wp-content\/uploads\/2024\/01\/Intermittant-fasting-7e65fbb-1.jpg 800w, https:\/\/thathappyhealth.com\/wp-content\/uploads\/2024\/01\/Intermittant-fasting-7e65fbb-1-300x300.jpg 300w, https:\/\/thathappyhealth.com\/wp-content\/uploads\/2024\/01\/Intermittant-fasting-7e65fbb-1-150x150.jpg 150w, https:\/\/thathappyhealth.com\/wp-content\/uploads\/2024\/01\/Intermittant-fasting-7e65fbb-1-768x768.jpg 768w, https:\/\/thathappyhealth.com\/wp-content\/uploads\/2024\/01\/Intermittant-fasting-7e65fbb-1-400x400.jpg 400w, https:\/\/thathappyhealth.com\/wp-content\/uploads\/2024\/01\/Intermittant-fasting-7e65fbb-1-650x650.jpg 650w, https:\/\/thathappyhealth.com\/wp-content\/uploads\/2024\/01\/Intermittant-fasting-7e65fbb-1-420x420.jpg 420w, https:\/\/thathappyhealth.com\/wp-content\/uploads\/2024\/01\/Intermittant-fasting-7e65fbb-1-630x630.jpg 630w, https:\/\/thathappyhealth.com\/wp-content\/uploads\/2024\/01\/Intermittant-fasting-7e65fbb-1-315x315.jpg 315w\" sizes=\"(max-width: 800px) 100vw, 800px\" \/>\t\t\t\t\t\t\t\t\t\t\t\t\t\t\t\t\t\t\t\t\t\t\t\t<\/div>\n\t\t\t\t\t\t<\/div>\n\t\t\t\t<\/div>\n\t\t\t\t<div class=\"elementor-element elementor-element-e3a9d40 elementor-widget elementor-widget-heading\" data-id=\"e3a9d40\" data-element_type=\"widget\" data-settings=\"{&quot;_animation&quot;:&quot;none&quot;}\" data-widget_type=\"heading.default\">\n\t\t\t\t<div class=\"elementor-widget-container\">\n\t\t\t<h2 class=\"elementor-heading-title elementor-size-default\">Programi i agj\u00ebrimit me nd\u00ebrprerje<\/h2>\t\t<\/div>\n\t\t\t\t<\/div>\n\t\t\t\t<div class=\"elementor-element elementor-element-8052711 elementor-widget elementor-widget-text-editor\" data-id=\"8052711\" data-element_type=\"widget\" data-widget_type=\"text-editor.default\">\n\t\t\t\t<div class=\"elementor-widget-container\">\n\t\t\t\t\t\t\t<p><span style=\"font-weight: 400;\">4 JAVOR<\/span><\/p>\t\t\t\t\t\t<\/div>\n\t\t\t\t<\/div>\n\t\t\t\t<div class=\"elementor-element elementor-element-3f7b986 elementor-mobile-align-justify elementor-align-justify elementor-widget elementor-widget-button\" data-id=\"3f7b986\" data-element_type=\"widget\" data-widget_type=\"button.default\">\n\t\t\t\t<div class=\"elementor-widget-container\">\n\t\t\t\t\t<div class=\"elementor-button-wrapper\">\n\t\t\t<a class=\"elementor-button elementor-button-link elementor-size-sm\" href=\"https:\/\/wellness.thathappyhealth.com\/\">\n\t\t\t\t\t\t<span class=\"elementor-button-content-wrapper\">\n\t\t\t\t\t\t<span class=\"elementor-button-text\">M\u00cbSO M\u00cb SHUM\u00cb<\/span>\n\t\t<\/span>\n\t\t\t\t\t<\/a>\n\t\t<\/div>\n\t\t\t\t<\/div>\n\t\t\t\t<\/div>\n\t\t\t\t<\/div>\n\t\t<div class=\"elementor-element elementor-element-7d0b40e e-con-full e-flex e-con e-child\" data-id=\"7d0b40e\" data-element_type=\"container\" data-settings=\"{&quot;content_width&quot;:&quot;full&quot;,&quot;background_background&quot;:&quot;classic&quot;}\">\n\t\t\t\t<div class=\"elementor-element elementor-element-f3625ea elementor-widget elementor-widget-image\" data-id=\"f3625ea\" data-element_type=\"widget\" data-widget_type=\"image.default\">\n\t\t\t\t<div class=\"elementor-widget-container\">\n\t\t\t\t\t\t\t<div class=\"elementor-image\">\n\t\t\t\t\t\t\t\t\t\t\t\t\t\t\t\t\t\t\t\t\t<img loading=\"lazy\" decoding=\"async\" width=\"800\" height=\"800\" src=\"https:\/\/thathappyhealth.com\/wp-content\/uploads\/2024\/01\/banner.jpg\" class=\"attachment-large size-large wp-image-991290\" alt=\"\" srcset=\"https:\/\/thathappyhealth.com\/wp-content\/uploads\/2024\/01\/banner.jpg 800w, https:\/\/thathappyhealth.com\/wp-content\/uploads\/2024\/01\/banner-300x300.jpg 300w, https:\/\/thathappyhealth.com\/wp-content\/uploads\/2024\/01\/banner-150x150.jpg 150w, https:\/\/thathappyhealth.com\/wp-content\/uploads\/2024\/01\/banner-768x768.jpg 768w, https:\/\/thathappyhealth.com\/wp-content\/uploads\/2024\/01\/banner-400x400.jpg 400w, https:\/\/thathappyhealth.com\/wp-content\/uploads\/2024\/01\/banner-650x650.jpg 650w, https:\/\/thathappyhealth.com\/wp-content\/uploads\/2024\/01\/banner-420x420.jpg 420w, https:\/\/thathappyhealth.com\/wp-content\/uploads\/2024\/01\/banner-630x630.jpg 630w, https:\/\/thathappyhealth.com\/wp-content\/uploads\/2024\/01\/banner-315x315.jpg 315w\" sizes=\"(max-width: 800px) 100vw, 800px\" \/>\t\t\t\t\t\t\t\t\t\t\t\t\t\t\t\t\t\t\t\t\t\t\t\t<\/div>\n\t\t\t\t\t\t<\/div>\n\t\t\t\t<\/div>\n\t\t\t\t<div class=\"elementor-element elementor-element-0fe1450 elementor-widget elementor-widget-heading\" data-id=\"0fe1450\" data-element_type=\"widget\" data-settings=\"{&quot;_animation&quot;:&quot;none&quot;}\" data-widget_type=\"heading.default\">\n\t\t\t\t<div class=\"elementor-widget-container\">\n\t\t\t<h2 class=\"elementor-heading-title elementor-size-default\">Programi i menaxhimit t\u00eb pesh\u00ebs<\/h2>\t\t<\/div>\n\t\t\t\t<\/div>\n\t\t\t\t<div class=\"elementor-element elementor-element-0dce93e elementor-widget elementor-widget-text-editor\" data-id=\"0dce93e\" data-element_type=\"widget\" data-widget_type=\"text-editor.default\">\n\t\t\t\t<div class=\"elementor-widget-container\">\n\t\t\t\t\t\t\t<p><span style=\"font-weight: 400;\">6 JAVOR<\/span><\/p>\t\t\t\t\t\t<\/div>\n\t\t\t\t<\/div>\n\t\t\t\t<div class=\"elementor-element elementor-element-4106928 elementor-mobile-align-justify elementor-align-justify elementor-widget elementor-widget-button\" data-id=\"4106928\" data-element_type=\"widget\" data-widget_type=\"button.default\">\n\t\t\t\t<div class=\"elementor-widget-container\">\n\t\t\t\t\t<div class=\"elementor-button-wrapper\">\n\t\t\t<a class=\"elementor-button elementor-button-link elementor-size-sm\" href=\"https:\/\/wellness.thathappyhealth.com\/\">\n\t\t\t\t\t\t<span class=\"elementor-button-content-wrapper\">\n\t\t\t\t\t\t<span class=\"elementor-button-text\">M\u00cbSO M\u00cb SHUM\u00cb<\/span>\n\t\t<\/span>\n\t\t\t\t\t<\/a>\n\t\t<\/div>\n\t\t\t\t<\/div>\n\t\t\t\t<\/div>\n\t\t\t\t<\/div>\n\t\t<div class=\"elementor-element elementor-element-e790904 e-con-full e-flex e-con e-child\" data-id=\"e790904\" data-element_type=\"container\" data-settings=\"{&quot;content_width&quot;:&quot;full&quot;,&quot;background_background&quot;:&quot;classic&quot;}\">\n\t\t\t\t<div class=\"elementor-element elementor-element-3bc8ed5 elementor-widget elementor-widget-image\" data-id=\"3bc8ed5\" data-element_type=\"widget\" data-widget_type=\"image.default\">\n\t\t\t\t<div class=\"elementor-widget-container\">\n\t\t\t\t\t\t\t<div class=\"elementor-image\">\n\t\t\t\t\t\t\t\t\t\t\t\t\t\t\t\t\t\t\t\t\t<img loading=\"lazy\" decoding=\"async\" width=\"800\" height=\"800\" src=\"https:\/\/thathappyhealth.com\/wp-content\/uploads\/2024\/01\/Program3.jpg\" class=\"attachment-large size-large wp-image-991292\" alt=\"\" srcset=\"https:\/\/thathappyhealth.com\/wp-content\/uploads\/2024\/01\/Program3.jpg 800w, https:\/\/thathappyhealth.com\/wp-content\/uploads\/2024\/01\/Program3-300x300.jpg 300w, https:\/\/thathappyhealth.com\/wp-content\/uploads\/2024\/01\/Program3-150x150.jpg 150w, https:\/\/thathappyhealth.com\/wp-content\/uploads\/2024\/01\/Program3-768x768.jpg 768w, https:\/\/thathappyhealth.com\/wp-content\/uploads\/2024\/01\/Program3-400x400.jpg 400w, https:\/\/thathappyhealth.com\/wp-content\/uploads\/2024\/01\/Program3-650x650.jpg 650w, https:\/\/thathappyhealth.com\/wp-content\/uploads\/2024\/01\/Program3-420x420.jpg 420w, https:\/\/thathappyhealth.com\/wp-content\/uploads\/2024\/01\/Program3-630x630.jpg 630w, https:\/\/thathappyhealth.com\/wp-content\/uploads\/2024\/01\/Program3-315x315.jpg 315w\" sizes=\"(max-width: 800px) 100vw, 800px\" \/>\t\t\t\t\t\t\t\t\t\t\t\t\t\t\t\t\t\t\t\t\t\t\t\t<\/div>\n\t\t\t\t\t\t<\/div>\n\t\t\t\t<\/div>\n\t\t\t\t<div class=\"elementor-element elementor-element-87159eb elementor-widget elementor-widget-heading\" data-id=\"87159eb\" data-element_type=\"widget\" data-settings=\"{&quot;_animation&quot;:&quot;none&quot;}\" data-widget_type=\"heading.default\">\n\t\t\t\t<div class=\"elementor-widget-container\">\n\t\t\t<h2 class=\"elementor-heading-title elementor-size-default\">P\u00ebrshpejtoni metabolizmin dhe hormonet<\/h2>\t\t<\/div>\n\t\t\t\t<\/div>\n\t\t\t\t<div class=\"elementor-element elementor-element-d0263cd elementor-widget elementor-widget-text-editor\" data-id=\"d0263cd\" data-element_type=\"widget\" data-widget_type=\"text-editor.default\">\n\t\t\t\t<div class=\"elementor-widget-container\">\n\t\t\t\t\t\t\t<p><span style=\"font-weight: 400;\">10 DITOR<\/span><\/p>\t\t\t\t\t\t<\/div>\n\t\t\t\t<\/div>\n\t\t\t\t<div class=\"elementor-element elementor-element-5475e20 elementor-mobile-align-justify elementor-align-justify elementor-widget elementor-widget-button\" data-id=\"5475e20\" data-element_type=\"widget\" data-widget_type=\"button.default\">\n\t\t\t\t<div class=\"elementor-widget-container\">\n\t\t\t\t\t<div class=\"elementor-button-wrapper\">\n\t\t\t<a class=\"elementor-button elementor-button-link elementor-size-sm\" href=\"https:\/\/wellness.thathappyhealth.com\/\">\n\t\t\t\t\t\t<span class=\"elementor-button-content-wrapper\">\n\t\t\t\t\t\t<span class=\"elementor-button-text\">M\u00cbSO M\u00cb SHUM\u00cb<\/span>\n\t\t<\/span>\n\t\t\t\t\t<\/a>\n\t\t<\/div>\n\t\t\t\t<\/div>\n\t\t\t\t<\/div>\n\t\t\t\t<\/div>\n\t\t<div class=\"elementor-element elementor-element-a22f1b7 e-con-full e-flex e-con e-child\" data-id=\"a22f1b7\" data-element_type=\"container\" data-settings=\"{&quot;content_width&quot;:&quot;full&quot;,&quot;background_background&quot;:&quot;classic&quot;}\">\n\t\t\t\t<div class=\"elementor-element elementor-element-fdd6819 elementor-widget elementor-widget-image\" data-id=\"fdd6819\" data-element_type=\"widget\" data-widget_type=\"image.default\">\n\t\t\t\t<div class=\"elementor-widget-container\">\n\t\t\t\t\t\t\t<div class=\"elementor-image\">\n\t\t\t\t\t\t\t\t\t\t\t\t\t\t\t\t\t\t\t\t\t<img loading=\"lazy\" decoding=\"async\" width=\"800\" height=\"800\" src=\"https:\/\/thathappyhealth.com\/wp-content\/uploads\/2024\/01\/banner-1.jpg\" class=\"attachment-large size-large wp-image-991293\" alt=\"\" srcset=\"https:\/\/thathappyhealth.com\/wp-content\/uploads\/2024\/01\/banner-1.jpg 800w, https:\/\/thathappyhealth.com\/wp-content\/uploads\/2024\/01\/banner-1-300x300.jpg 300w, https:\/\/thathappyhealth.com\/wp-content\/uploads\/2024\/01\/banner-1-150x150.jpg 150w, https:\/\/thathappyhealth.com\/wp-content\/uploads\/2024\/01\/banner-1-768x768.jpg 768w, https:\/\/thathappyhealth.com\/wp-content\/uploads\/2024\/01\/banner-1-400x400.jpg 400w, https:\/\/thathappyhealth.com\/wp-content\/uploads\/2024\/01\/banner-1-650x650.jpg 650w, https:\/\/thathappyhealth.com\/wp-content\/uploads\/2024\/01\/banner-1-420x420.jpg 420w, https:\/\/thathappyhealth.com\/wp-content\/uploads\/2024\/01\/banner-1-630x630.jpg 630w, https:\/\/thathappyhealth.com\/wp-content\/uploads\/2024\/01\/banner-1-315x315.jpg 315w\" sizes=\"(max-width: 800px) 100vw, 800px\" \/>\t\t\t\t\t\t\t\t\t\t\t\t\t\t\t\t\t\t\t\t\t\t\t\t<\/div>\n\t\t\t\t\t\t<\/div>\n\t\t\t\t<\/div>\n\t\t\t\t<div class=\"elementor-element elementor-element-f7124b5 elementor-widget elementor-widget-heading\" data-id=\"f7124b5\" data-element_type=\"widget\" data-settings=\"{&quot;_animation&quot;:&quot;none&quot;}\" data-widget_type=\"heading.default\">\n\t\t\t\t<div class=\"elementor-widget-container\">\n\t\t\t<h2 class=\"elementor-heading-title elementor-size-default\">Programi i diet\u00ebs me smoothie p\u00ebr humbje peshe<\/h2>\t\t<\/div>\n\t\t\t\t<\/div>\n\t\t\t\t<div class=\"elementor-element elementor-element-fa5641e elementor-widget elementor-widget-text-editor\" data-id=\"fa5641e\" data-element_type=\"widget\" data-widget_type=\"text-editor.default\">\n\t\t\t\t<div class=\"elementor-widget-container\">\n\t\t\t\t\t\t\t<p><span style=\"font-weight: 400;\">4 JAVOR<\/span><\/p>\t\t\t\t\t\t<\/div>\n\t\t\t\t<\/div>\n\t\t\t\t<div class=\"elementor-element elementor-element-89aa3f0 elementor-mobile-align-justify elementor-align-justify elementor-widget elementor-widget-button\" data-id=\"89aa3f0\" data-element_type=\"widget\" data-widget_type=\"button.default\">\n\t\t\t\t<div class=\"elementor-widget-container\">\n\t\t\t\t\t<div class=\"elementor-button-wrapper\">\n\t\t\t<a class=\"elementor-button elementor-button-link elementor-size-sm\" href=\"https:\/\/wellness.thathappyhealth.com\/\">\n\t\t\t\t\t\t<span class=\"elementor-button-content-wrapper\">\n\t\t\t\t\t\t<span class=\"elementor-button-text\">M\u00cbSO M\u00cb SHUM\u00cb<\/span>\n\t\t<\/span>\n\t\t\t\t\t<\/a>\n\t\t<\/div>\n\t\t\t\t<\/div>\n\t\t\t\t<\/div>\n\t\t\t\t<\/div>\n\t\t\t\t\t<\/div>\n\t\t\t\t<\/div>\n\t\t<div class=\"elementor-element elementor-element-9de375e e-flex e-con-boxed e-con e-parent\" data-id=\"9de375e\" data-element_type=\"container\" data-settings=\"{&quot;background_background&quot;:&quot;classic&quot;,&quot;content_width&quot;:&quot;boxed&quot;}\" data-core-v316-plus=\"true\">\n\t\t\t\t\t<div class=\"e-con-inner\">\n\t\t\t\t<div class=\"elementor-element elementor-element-3dbe225 elementor-widget elementor-widget-heading\" data-id=\"3dbe225\" data-element_type=\"widget\" data-widget_type=\"heading.default\">\n\t\t\t\t<div class=\"elementor-widget-container\">\n\t\t\t<h2 class=\"elementor-heading-title elementor-size-default\"><a href=\"https:\/\/www.nytimes.com\/wirecutter\/reviews\/best-dna-test\/\">\u00c7ERTIFIKIMET<\/a><\/h2>\t\t<\/div>\n\t\t\t\t<\/div>\n\t\t\t\t<div class=\"elementor-element elementor-element-160b280 elementor-pagination-position-outside elementor-widget elementor-widget-image-carousel\" data-id=\"160b280\" data-element_type=\"widget\" data-settings=\"{&quot;navigation&quot;:&quot;dots&quot;,&quot;autoplay&quot;:&quot;yes&quot;,&quot;pause_on_hover&quot;:&quot;yes&quot;,&quot;pause_on_interaction&quot;:&quot;yes&quot;,&quot;autoplay_speed&quot;:5000,&quot;infinite&quot;:&quot;yes&quot;,&quot;speed&quot;:500}\" data-widget_type=\"image-carousel.default\">\n\t\t\t\t<div class=\"elementor-widget-container\">\n\t\t\t<style>\/*! elementor - v3.17.0 - 25-10-2023 *\/\n.elementor-widget-image-carousel .swiper,.elementor-widget-image-carousel .swiper-container{position:static}.elementor-widget-image-carousel .swiper-container .swiper-slide figure,.elementor-widget-image-carousel .swiper .swiper-slide figure{line-height:inherit}.elementor-widget-image-carousel .swiper-slide{text-align:center}.elementor-image-carousel-wrapper:not(.swiper-container-initialized):not(.swiper-initialized) .swiper-slide{max-width:calc(100% \/ var(--e-image-carousel-slides-to-show, 3))}<\/style>\t\t<div class=\"elementor-image-carousel-wrapper swiper\" dir=\"ltr\">\n\t\t\t<div class=\"elementor-image-carousel swiper-wrapper\" aria-live=\"off\">\n\t\t\t\t\t\t\t\t<div class=\"swiper-slide\" role=\"group\" aria-roledescription=\"slide\" aria-label=\"1 of 3\"><figure class=\"swiper-slide-inner\"><img decoding=\"async\" loading=\"lazy\" class=\"swiper-slide-image\" src=\"https:\/\/thathappyhealth.com\/wp-content\/uploads\/2023\/12\/Group-26-300x300.png\" alt=\"Group 26\" \/><\/figure><\/div><div class=\"swiper-slide\" role=\"group\" aria-roledescription=\"slide\" aria-label=\"2 of 3\"><figure class=\"swiper-slide-inner\"><img decoding=\"async\" loading=\"lazy\" class=\"swiper-slide-image\" src=\"https:\/\/thathappyhealth.com\/wp-content\/uploads\/2023\/12\/Group-27-300x300.png\" alt=\"Group 27\" \/><\/figure><\/div><div class=\"swiper-slide\" role=\"group\" aria-roledescription=\"slide\" aria-label=\"3 of 3\"><figure class=\"swiper-slide-inner\"><img decoding=\"async\" loading=\"lazy\" class=\"swiper-slide-image\" src=\"https:\/\/thathappyhealth.com\/wp-content\/uploads\/2023\/12\/Group-28-300x300.png\" alt=\"Group 28\" \/><\/figure><\/div>\t\t\t<\/div>\n\t\t\t\t\t\t\t\n\t\t\t\t\t\t\t\t\t<div class=\"swiper-pagination\"><\/div>\n\t\t\t\t\t\t\t\t\t<\/div>\n\t\t\t\t<\/div>\n\t\t\t\t<\/div>\n\t\t\t\t\t<\/div>\n\t\t\t\t<\/div>\n\t\t\t\t\t\t\t<\/div>","protected":false},"excerpt":{"rendered":"<p>NUTRITION Vildan ademay &#8220;The content of the diet should be like a fingerprint; Unique to each Individual, away from common and General diets!&#8221; ABOUT VILDAN ADEMAY &#8220;In 2018, she graduated from the Department of Nutrition and Dietetics at Hacettepe University. Since 2020, she has been pursuing her postgraduate studies at Marmara University. From 2018 to&#8230;<\/p>","protected":false},"author":1,"featured_media":988278,"parent":991359,"menu_order":0,"comment_status":"closed","ping_status":"closed","template":"","meta":{"_acf_changed":false,"inline_featured_image":false,"footnotes":""},"class_list":["post-991104","page","type-page","status-publish","has-post-thumbnail","hentry"],"acf":[],"_links":{"self":[{"href":"https:\/\/thathappyhealth.com\/sq\/wp-json\/wp\/v2\/pages\/991104"}],"collection":[{"href":"https:\/\/thathappyhealth.com\/sq\/wp-json\/wp\/v2\/pages"}],"about":[{"href":"https:\/\/thathappyhealth.com\/sq\/wp-json\/wp\/v2\/types\/page"}],"author":[{"embeddable":true,"href":"https:\/\/thathappyhealth.com\/sq\/wp-json\/wp\/v2\/users\/1"}],"replies":[{"embeddable":true,"href":"https:\/\/thathappyhealth.com\/sq\/wp-json\/wp\/v2\/comments?post=991104"}],"version-history":[{"count":63,"href":"https:\/\/thathappyhealth.com\/sq\/wp-json\/wp\/v2\/pages\/991104\/revisions"}],"predecessor-version":[{"id":992250,"href":"https:\/\/thathappyhealth.com\/sq\/wp-json\/wp\/v2\/pages\/991104\/revisions\/992250"}],"up":[{"embeddable":true,"href":"https:\/\/thathappyhealth.com\/sq\/wp-json\/wp\/v2\/pages\/991359"}],"wp:featuredmedia":[{"embeddable":true,"href":"https:\/\/thathappyhealth.com\/sq\/wp-json\/wp\/v2\/media\/988278"}],"wp:attachment":[{"href":"https:\/\/thathappyhealth.com\/sq\/wp-json\/wp\/v2\/media?parent=991104"}],"curies":[{"name":"wp","href":"https:\/\/api.w.org\/{rel}","templated":true}]}}