{"id":991470,"date":"2024-01-24T15:14:03","date_gmt":"2024-01-24T15:14:03","guid":{"rendered":"https:\/\/thathappyhealth.com\/?page_id=991470"},"modified":"2024-06-05T20:15:21","modified_gmt":"2024-06-05T19:15:21","slug":"valentina-halimi","status":"publish","type":"page","link":"https:\/\/thathappyhealth.com\/sq\/experts\/valentina-halimi\/","title":{"rendered":"Valentina Halimi"},"content":{"rendered":"<div data-elementor-type=\"wp-page\" data-elementor-id=\"991470\" class=\"elementor elementor-991470\" data-elementor-post-type=\"page\">\n\t\t\t\t\t\t\t<div class=\"elementor-element elementor-element-4520331 e-flex e-con-boxed e-con e-parent\" data-id=\"4520331\" data-element_type=\"container\" data-settings=\"{&quot;content_width&quot;:&quot;boxed&quot;}\" data-core-v316-plus=\"true\">\n\t\t\t\t\t<div class=\"e-con-inner\">\n\t\t<div class=\"elementor-element elementor-element-ba79032 e-con-full e-flex e-con e-child\" data-id=\"ba79032\" data-element_type=\"container\" data-settings=\"{&quot;content_width&quot;:&quot;full&quot;}\">\n\t\t\t\t<div class=\"elementor-element elementor-element-553ec20 elementor-widget elementor-widget-heading\" data-id=\"553ec20\" data-element_type=\"widget\" data-widget_type=\"heading.default\">\n\t\t\t\t<div class=\"elementor-widget-container\">\n\t\t\t<style>\/*! elementor - v3.17.0 - 25-10-2023 *\/\n.elementor-heading-title{padding:0;margin:0;line-height:1}.elementor-widget-heading .elementor-heading-title[class*=elementor-size-]>a{color:inherit;font-size:inherit;line-height:inherit}.elementor-widget-heading .elementor-heading-title.elementor-size-small{font-size:15px}.elementor-widget-heading .elementor-heading-title.elementor-size-medium{font-size:19px}.elementor-widget-heading .elementor-heading-title.elementor-size-large{font-size:29px}.elementor-widget-heading .elementor-heading-title.elementor-size-xl{font-size:39px}.elementor-widget-heading .elementor-heading-title.elementor-size-xxl{font-size:59px}<\/style><h2 class=\"elementor-heading-title elementor-size-default\">PODIATRISTE<\/h2>\t\t<\/div>\n\t\t\t\t<\/div>\n\t\t\t\t<div class=\"elementor-element elementor-element-00a394f elementor-widget elementor-widget-heading\" data-id=\"00a394f\" data-element_type=\"widget\" data-widget_type=\"heading.default\">\n\t\t\t\t<div class=\"elementor-widget-container\">\n\t\t\t<h2 class=\"elementor-heading-title elementor-size-default\">Valentina Halimi<\/h2>\t\t<\/div>\n\t\t\t\t<\/div>\n\t\t\t\t<div class=\"elementor-element elementor-element-6580ecb elementor-widget__width-initial elementor-widget elementor-widget-text-editor\" data-id=\"6580ecb\" data-element_type=\"widget\" data-widget_type=\"text-editor.default\">\n\t\t\t\t<div class=\"elementor-widget-container\">\n\t\t\t<style>\/*! elementor - v3.17.0 - 25-10-2023 *\/\n.elementor-widget-text-editor.elementor-drop-cap-view-stacked .elementor-drop-cap{background-color:#69727d;color:#fff}.elementor-widget-text-editor.elementor-drop-cap-view-framed .elementor-drop-cap{color:#69727d;border:3px solid;background-color:transparent}.elementor-widget-text-editor:not(.elementor-drop-cap-view-default) .elementor-drop-cap{margin-top:8px}.elementor-widget-text-editor:not(.elementor-drop-cap-view-default) .elementor-drop-cap-letter{width:1em;height:1em}.elementor-widget-text-editor .elementor-drop-cap{float:left;text-align:center;line-height:1;font-size:50px}.elementor-widget-text-editor .elementor-drop-cap-letter{display:inline-block}<\/style>\t\t\t\t<p>Podiatri juaj ekspert p\u00ebr konsultime n\u00eb internet t\u00eb sh\u00ebndetit!<\/p>\t\t\t\t\t\t<\/div>\n\t\t\t\t<\/div>\n\t\t\t\t<div class=\"elementor-element elementor-element-6c271c0 elementor-widget elementor-widget-shortcode\" data-id=\"6c271c0\" data-element_type=\"widget\" data-widget_type=\"shortcode.default\">\n\t\t\t\t<div class=\"elementor-widget-container\">\n\t\t\t\t\t<div class=\"elementor-shortcode\"><div class=\"latepoint-book-button os_trigger_booking\" data-selected-agent=\"5\"  style=\"margin-top: 10px\" data-nonce=\"5a4a19e713\">Book Appointment<\/div><\/div>\n\t\t\t\t<\/div>\n\t\t\t\t<\/div>\n\t\t\t\t<\/div>\n\t\t<div class=\"elementor-element elementor-element-a52a13a e-con-full e-flex e-con e-child\" data-id=\"a52a13a\" data-element_type=\"container\" data-settings=\"{&quot;content_width&quot;:&quot;full&quot;}\">\n\t\t\t\t<div class=\"elementor-element elementor-element-264f6a5 elementor-widget elementor-widget-image\" data-id=\"264f6a5\" data-element_type=\"widget\" data-widget_type=\"image.default\">\n\t\t\t\t<div class=\"elementor-widget-container\">\n\t\t\t<style>\/*! elementor - v3.17.0 - 25-10-2023 *\/\n.elementor-widget-image{text-align:center}.elementor-widget-image a{display:inline-block}.elementor-widget-image a img[src$=\".svg\"]{width:48px}.elementor-widget-image img{vertical-align:middle;display:inline-block}<\/style>\t\t\t\t<div class=\"elementor-image\">\n\t\t\t\t\t\t\t\t\t\t\t\t\t\t\t\t\t\t\t\t\t<img loading=\"lazy\" decoding=\"async\" width=\"511\" height=\"421\" src=\"https:\/\/thathappyhealth.com\/wp-content\/uploads\/2023\/12\/Mask-group-8.png\" class=\"attachment-full size-full wp-image-991048\" alt=\"\" srcset=\"https:\/\/thathappyhealth.com\/wp-content\/uploads\/2023\/12\/Mask-group-8.png 511w, https:\/\/thathappyhealth.com\/wp-content\/uploads\/2023\/12\/Mask-group-8-300x247.png 300w\" sizes=\"(max-width: 511px) 100vw, 511px\" \/>\t\t\t\t\t\t\t\t\t\t\t\t\t\t\t\t\t\t\t\t\t\t\t\t<\/div>\n\t\t\t\t\t\t<\/div>\n\t\t\t\t<\/div>\n\t\t\t\t<\/div>\n\t\t\t\t\t<\/div>\n\t\t\t\t<\/div>\n\t\t<div class=\"elementor-element elementor-element-a64ac8f e-flex e-con-boxed e-con e-parent\" data-id=\"a64ac8f\" data-element_type=\"container\" data-settings=\"{&quot;background_background&quot;:&quot;classic&quot;,&quot;content_width&quot;:&quot;boxed&quot;}\" data-core-v316-plus=\"true\">\n\t\t\t\t\t<div class=\"e-con-inner\">\n\t\t\t\t<div class=\"elementor-element elementor-element-c7d01af elementor-widget elementor-widget-heading\" data-id=\"c7d01af\" data-element_type=\"widget\" data-widget_type=\"heading.default\">\n\t\t\t\t<div class=\"elementor-widget-container\">\n\t\t\t<h2 class=\"elementor-heading-title elementor-size-default\">RRETH VALENTIN\u00cbS<\/h2>\t\t<\/div>\n\t\t\t\t<\/div>\n\t\t\t\t<div class=\"elementor-element elementor-element-270f824 elementor-widget__width-initial elementor-widget elementor-widget-text-editor\" data-id=\"270f824\" data-element_type=\"widget\" data-widget_type=\"text-editor.default\">\n\t\t\t\t<div class=\"elementor-widget-container\">\n\t\t\t\t\t\t\t<p>Hyni n\u00eb nj\u00eb bot\u00eb t\u00eb sh\u00ebndetit dhe mir\u00ebqenies s\u00eb k\u00ebmb\u00ebve me mjeken Valentina Halimi, e cila \u00ebsht\u00eb nj\u00eb pediatre profesioniste e gatshme p\u00ebr t'ju udh\u00ebhequr n\u00eb udh\u00ebtimin tuaj drejt k\u00ebmb\u00ebve t\u00eb lumtura dhe t\u00eb sh\u00ebndetshme. Me vite p\u00ebrvoj\u00eb dhe nj\u00eb pasion p\u00ebr t\u00eb promovuar mir\u00ebqenien e p\u00ebrgjithshme, Valentina \u00ebsht\u00eb e emocionuar t\u00eb zgjeroj\u00eb ekspertiz\u00ebn e saj n\u00eb fush\u00ebn dixhitale, duke ofruar konsultime t\u00eb personalizuara n\u00eb internet.<\/p><p>N\u00eb komoditetin e hap\u00ebsir\u00ebs suaj, tani mund t\u00eb p\u00ebrdorni kujdesin profesional pediatrik t\u00eb p\u00ebrshtatur p\u00ebr nevojat tuaja unike. Valentina \u00ebsht\u00eb e specializuar n\u00eb kombinimin e p\u00ebrparimeve m\u00eb t\u00eb fundit n\u00eb pediatrin\u00eb me nj\u00eb qasje holistike p\u00ebr t\u00eb siguruar jo vet\u00ebm mir\u00ebqenien e k\u00ebmb\u00ebve tuaja, por edhe sh\u00ebndetin tuaj t\u00eb p\u00ebrgjithsh\u00ebm.<br \/><br \/>Pavar\u00ebsisht n\u00ebse k\u00ebrkoni k\u00ebshilla p\u00ebr \u00e7\u00ebshtjet e zakonshme t\u00eb k\u00ebmb\u00ebve, eksploroni masa parandaluese ose thjesht synoni t\u00eb p\u00ebrmir\u00ebsoni mir\u00ebqenien tuaj t\u00eb lidhur me k\u00ebmb\u00ebt, Valentina \u00ebsht\u00eb k\u00ebtu p\u00ebr t\u00eb ofruar njohuri dhe udh\u00ebzime gjith\u00ebp\u00ebrfshir\u00ebse p\u00ebrmes konsultimeve t\u00eb p\u00ebrshtatshme n\u00eb internet.<\/p><p>P\u00ebrqafoni nj\u00eb epok\u00eb t\u00eb re t\u00eb kujdesit p\u00ebr k\u00ebmb\u00ebt dhe hidhni hapin e par\u00eb drejt k\u00ebmb\u00ebve m\u00eb t\u00eb sh\u00ebndetshme dhe m\u00eb t\u00eb lumtura me konsultimet dhe programet e podiatris\u00eb Valentina t\u00eb gatshme p\u00ebr t'u bler\u00eb dhe shikuar duke filluar nga k\u00ebshillat dhe udh\u00ebzimet, si dhe procedurat aktuale t\u00eb dobishme t\u00eb vet\u00eb-p\u00ebrmir\u00ebsimit.<\/p>\t\t\t\t\t\t<\/div>\n\t\t\t\t<\/div>\n\t\t\t\t\t<\/div>\n\t\t\t\t<\/div>\n\t\t<div class=\"elementor-element elementor-element-9de375e e-flex e-con-boxed e-con e-parent\" data-id=\"9de375e\" data-element_type=\"container\" data-settings=\"{&quot;background_background&quot;:&quot;classic&quot;,&quot;content_width&quot;:&quot;boxed&quot;}\" data-core-v316-plus=\"true\">\n\t\t\t\t\t<div class=\"e-con-inner\">\n\t\t\t\t<div class=\"elementor-element elementor-element-3dbe225 elementor-widget elementor-widget-heading\" data-id=\"3dbe225\" data-element_type=\"widget\" data-widget_type=\"heading.default\">\n\t\t\t\t<div class=\"elementor-widget-container\">\n\t\t\t<h2 class=\"elementor-heading-title elementor-size-default\">Podiat\u00ebr t\u00eb specializuar n\u00eb s\u00ebmundjet muskuloskeletore jan\u00eb:<\/h2>\t\t<\/div>\n\t\t\t\t<\/div>\n\t\t\t\t<div class=\"elementor-element elementor-element-289d11f elementor-widget__width-initial elementor-widget elementor-widget-text-editor\" data-id=\"289d11f\" data-element_type=\"widget\" data-widget_type=\"text-editor.default\">\n\t\t\t\t<div class=\"elementor-widget-container\">\n\t\t\t\t\t\t\t<ul><li>Fasciiti i shput\u00ebs<\/li><li>Tendiniti i Akilit<\/li><li>Bunionet<\/li><li>Gishtat e \u00e7ekanit<\/li><li>Neuroma e Mortonit<\/li><li>Frakturat e stresit<\/li><li>Sindroma e tunelit tarsal<\/li><li>K\u00ebmb\u00ebt e sheshta (Pes Planus)<\/li><li>HEEL SPURS - kur depozitat e kalciumit grumbullohen n\u00eb pjes\u00ebn e poshtme t\u00eb kock\u00ebs s\u00eb thembr\u00ebs<\/li><li>Paq\u00ebndrueshm\u00ebria e ky\u00e7it t\u00eb k\u00ebmb\u00ebs<\/li><\/ul>\t\t\t\t\t\t<\/div>\n\t\t\t\t<\/div>\n\t\t\t\t\t<\/div>\n\t\t\t\t<\/div>\n\t\t<div class=\"elementor-element elementor-element-27b2df7 e-flex e-con-boxed e-con e-parent\" data-id=\"27b2df7\" data-element_type=\"container\" data-settings=\"{&quot;background_background&quot;:&quot;classic&quot;,&quot;content_width&quot;:&quot;boxed&quot;}\" data-core-v316-plus=\"true\">\n\t\t\t\t\t<div class=\"e-con-inner\">\n\t\t<div class=\"elementor-element elementor-element-1120045 e-con-full e-flex e-con e-child\" data-id=\"1120045\" data-element_type=\"container\" data-settings=\"{&quot;content_width&quot;:&quot;full&quot;}\">\n\t\t\t\t<div class=\"elementor-element elementor-element-0e93ce7 elementor-widget elementor-widget-heading\" data-id=\"0e93ce7\" data-element_type=\"widget\" data-settings=\"{&quot;_animation&quot;:&quot;none&quot;}\" data-widget_type=\"heading.default\">\n\t\t\t\t<div class=\"elementor-widget-container\">\n\t\t\t<h2 class=\"elementor-heading-title elementor-size-default\">PROGRAMET<\/h2>\t\t<\/div>\n\t\t\t\t<\/div>\n\t\t\t\t<\/div>\n\t\t\t\t\t<\/div>\n\t\t\t\t<\/div>\n\t\t<div class=\"elementor-element elementor-element-1b86dbb e-flex e-con-boxed e-con e-parent\" data-id=\"1b86dbb\" data-element_type=\"container\" data-settings=\"{&quot;background_background&quot;:&quot;classic&quot;,&quot;content_width&quot;:&quot;boxed&quot;}\" data-core-v316-plus=\"true\">\n\t\t\t\t\t<div class=\"e-con-inner\">\n\t\t<div class=\"elementor-element elementor-element-0aa8b44 e-con-full e-flex e-con e-child\" data-id=\"0aa8b44\" data-element_type=\"container\" data-settings=\"{&quot;content_width&quot;:&quot;full&quot;,&quot;background_background&quot;:&quot;classic&quot;}\">\n\t\t\t\t<div class=\"elementor-element elementor-element-4dba0ac elementor-widget elementor-widget-image\" data-id=\"4dba0ac\" data-element_type=\"widget\" data-widget_type=\"image.default\">\n\t\t\t\t<div class=\"elementor-widget-container\">\n\t\t\t\t\t\t\t<div class=\"elementor-image\">\n\t\t\t\t\t\t\t\t\t\t\t\t\t\t\t\t\t\t\t\t\t<img loading=\"lazy\" decoding=\"async\" width=\"1024\" height=\"1024\" src=\"https:\/\/thathappyhealth.com\/wp-content\/uploads\/2023\/10\/thh-1-1024x1024.jpg\" class=\"attachment-large size-large wp-image-987894\" alt=\"\" srcset=\"https:\/\/thathappyhealth.com\/wp-content\/uploads\/2023\/10\/thh-1-1024x1024.jpg 1024w, https:\/\/thathappyhealth.com\/wp-content\/uploads\/2023\/10\/thh-1-420x420.jpg 420w, https:\/\/thathappyhealth.com\/wp-content\/uploads\/2023\/10\/thh-1-315x315.jpg 315w, https:\/\/thathappyhealth.com\/wp-content\/uploads\/2023\/10\/thh-1-630x630.jpg 630w, https:\/\/thathappyhealth.com\/wp-content\/uploads\/2023\/10\/thh-1-300x300.jpg 300w, https:\/\/thathappyhealth.com\/wp-content\/uploads\/2023\/10\/thh-1-150x150.jpg 150w, https:\/\/thathappyhealth.com\/wp-content\/uploads\/2023\/10\/thh-1-768x768.jpg 768w, https:\/\/thathappyhealth.com\/wp-content\/uploads\/2023\/10\/thh-1-840x840.jpg 840w, https:\/\/thathappyhealth.com\/wp-content\/uploads\/2023\/10\/thh-1-1260x1260.jpg 1260w, https:\/\/thathappyhealth.com\/wp-content\/uploads\/2023\/10\/thh-1.jpg 1500w\" sizes=\"(max-width: 1024px) 100vw, 1024px\" \/>\t\t\t\t\t\t\t\t\t\t\t\t\t\t\t\t\t\t\t\t\t\t\t\t<\/div>\n\t\t\t\t\t\t<\/div>\n\t\t\t\t<\/div>\n\t\t\t\t<div class=\"elementor-element elementor-element-e3a9d40 elementor-widget elementor-widget-heading\" data-id=\"e3a9d40\" data-element_type=\"widget\" data-settings=\"{&quot;_animation&quot;:&quot;none&quot;}\" data-widget_type=\"heading.default\">\n\t\t\t\t<div class=\"elementor-widget-container\">\n\t\t\t<h2 class=\"elementor-heading-title elementor-size-default\">Programi 1<\/h2>\t\t<\/div>\n\t\t\t\t<\/div>\n\t\t\t\t<div class=\"elementor-element elementor-element-8052711 elementor-widget elementor-widget-text-editor\" data-id=\"8052711\" data-element_type=\"widget\" data-widget_type=\"text-editor.default\">\n\t\t\t\t<div class=\"elementor-widget-container\">\n\t\t\t\t\t\t\t<p><span style=\"font-weight: 400;\">Gjatesia<\/span><\/p>\t\t\t\t\t\t<\/div>\n\t\t\t\t<\/div>\n\t\t\t\t<div class=\"elementor-element elementor-element-3f7b986 elementor-mobile-align-justify elementor-align-justify elementor-widget elementor-widget-button\" data-id=\"3f7b986\" data-element_type=\"widget\" data-widget_type=\"button.default\">\n\t\t\t\t<div class=\"elementor-widget-container\">\n\t\t\t\t\t<div class=\"elementor-button-wrapper\">\n\t\t\t<a class=\"elementor-button elementor-button-link elementor-size-sm\" href=\"http:\/\/wellness.thathappyhealth.com\">\n\t\t\t\t\t\t<span class=\"elementor-button-content-wrapper\">\n\t\t\t\t\t\t<span class=\"elementor-button-text\">M\u00cbSO M\u00cb SHUM\u00cb<\/span>\n\t\t<\/span>\n\t\t\t\t\t<\/a>\n\t\t<\/div>\n\t\t\t\t<\/div>\n\t\t\t\t<\/div>\n\t\t\t\t<\/div>\n\t\t<div class=\"elementor-element elementor-element-7d0b40e e-con-full e-flex e-con e-child\" data-id=\"7d0b40e\" data-element_type=\"container\" data-settings=\"{&quot;content_width&quot;:&quot;full&quot;,&quot;background_background&quot;:&quot;classic&quot;}\">\n\t\t\t\t<div class=\"elementor-element elementor-element-f3625ea elementor-widget elementor-widget-image\" data-id=\"f3625ea\" data-element_type=\"widget\" data-widget_type=\"image.default\">\n\t\t\t\t<div class=\"elementor-widget-container\">\n\t\t\t\t\t\t\t<div class=\"elementor-image\">\n\t\t\t\t\t\t\t\t\t\t\t\t\t\t\t\t\t\t\t\t\t<img loading=\"lazy\" decoding=\"async\" width=\"1024\" height=\"1024\" src=\"https:\/\/thathappyhealth.com\/wp-content\/uploads\/2023\/10\/thh-1-1024x1024.jpg\" class=\"attachment-large size-large wp-image-987894\" alt=\"\" srcset=\"https:\/\/thathappyhealth.com\/wp-content\/uploads\/2023\/10\/thh-1-1024x1024.jpg 1024w, https:\/\/thathappyhealth.com\/wp-content\/uploads\/2023\/10\/thh-1-420x420.jpg 420w, https:\/\/thathappyhealth.com\/wp-content\/uploads\/2023\/10\/thh-1-315x315.jpg 315w, https:\/\/thathappyhealth.com\/wp-content\/uploads\/2023\/10\/thh-1-630x630.jpg 630w, https:\/\/thathappyhealth.com\/wp-content\/uploads\/2023\/10\/thh-1-300x300.jpg 300w, https:\/\/thathappyhealth.com\/wp-content\/uploads\/2023\/10\/thh-1-150x150.jpg 150w, https:\/\/thathappyhealth.com\/wp-content\/uploads\/2023\/10\/thh-1-768x768.jpg 768w, https:\/\/thathappyhealth.com\/wp-content\/uploads\/2023\/10\/thh-1-840x840.jpg 840w, https:\/\/thathappyhealth.com\/wp-content\/uploads\/2023\/10\/thh-1-1260x1260.jpg 1260w, https:\/\/thathappyhealth.com\/wp-content\/uploads\/2023\/10\/thh-1.jpg 1500w\" sizes=\"(max-width: 1024px) 100vw, 1024px\" \/>\t\t\t\t\t\t\t\t\t\t\t\t\t\t\t\t\t\t\t\t\t\t\t\t<\/div>\n\t\t\t\t\t\t<\/div>\n\t\t\t\t<\/div>\n\t\t\t\t<div class=\"elementor-element elementor-element-0fe1450 elementor-widget elementor-widget-heading\" data-id=\"0fe1450\" data-element_type=\"widget\" data-settings=\"{&quot;_animation&quot;:&quot;none&quot;}\" data-widget_type=\"heading.default\">\n\t\t\t\t<div class=\"elementor-widget-container\">\n\t\t\t<h2 class=\"elementor-heading-title elementor-size-default\">Programi 2<\/h2>\t\t<\/div>\n\t\t\t\t<\/div>\n\t\t\t\t<div class=\"elementor-element elementor-element-0dce93e elementor-widget elementor-widget-text-editor\" data-id=\"0dce93e\" data-element_type=\"widget\" data-widget_type=\"text-editor.default\">\n\t\t\t\t<div class=\"elementor-widget-container\">\n\t\t\t\t\t\t\t<p><span style=\"font-weight: 400;\">Gjatesia<\/span><\/p>\t\t\t\t\t\t<\/div>\n\t\t\t\t<\/div>\n\t\t\t\t<div class=\"elementor-element elementor-element-4106928 elementor-mobile-align-justify elementor-align-justify elementor-widget elementor-widget-button\" data-id=\"4106928\" data-element_type=\"widget\" data-widget_type=\"button.default\">\n\t\t\t\t<div class=\"elementor-widget-container\">\n\t\t\t\t\t<div class=\"elementor-button-wrapper\">\n\t\t\t<a class=\"elementor-button elementor-button-link elementor-size-sm\" href=\"http:\/\/wellness.thathappyhealth.com\">\n\t\t\t\t\t\t<span class=\"elementor-button-content-wrapper\">\n\t\t\t\t\t\t<span class=\"elementor-button-text\">M\u00cbSO M\u00cb SHUM\u00cb<\/span>\n\t\t<\/span>\n\t\t\t\t\t<\/a>\n\t\t<\/div>\n\t\t\t\t<\/div>\n\t\t\t\t<\/div>\n\t\t\t\t<\/div>\n\t\t<div class=\"elementor-element elementor-element-e790904 e-con-full e-flex e-con e-child\" data-id=\"e790904\" data-element_type=\"container\" data-settings=\"{&quot;content_width&quot;:&quot;full&quot;,&quot;background_background&quot;:&quot;classic&quot;}\">\n\t\t\t\t<div class=\"elementor-element elementor-element-3bc8ed5 elementor-widget elementor-widget-image\" data-id=\"3bc8ed5\" data-element_type=\"widget\" data-widget_type=\"image.default\">\n\t\t\t\t<div class=\"elementor-widget-container\">\n\t\t\t\t\t\t\t<div class=\"elementor-image\">\n\t\t\t\t\t\t\t\t\t\t\t\t\t\t\t\t\t\t\t\t\t<img loading=\"lazy\" decoding=\"async\" width=\"1024\" height=\"1024\" src=\"https:\/\/thathappyhealth.com\/wp-content\/uploads\/2023\/10\/thh-1-1024x1024.jpg\" class=\"attachment-large size-large wp-image-987894\" alt=\"\" srcset=\"https:\/\/thathappyhealth.com\/wp-content\/uploads\/2023\/10\/thh-1-1024x1024.jpg 1024w, https:\/\/thathappyhealth.com\/wp-content\/uploads\/2023\/10\/thh-1-420x420.jpg 420w, https:\/\/thathappyhealth.com\/wp-content\/uploads\/2023\/10\/thh-1-315x315.jpg 315w, https:\/\/thathappyhealth.com\/wp-content\/uploads\/2023\/10\/thh-1-630x630.jpg 630w, https:\/\/thathappyhealth.com\/wp-content\/uploads\/2023\/10\/thh-1-300x300.jpg 300w, https:\/\/thathappyhealth.com\/wp-content\/uploads\/2023\/10\/thh-1-150x150.jpg 150w, https:\/\/thathappyhealth.com\/wp-content\/uploads\/2023\/10\/thh-1-768x768.jpg 768w, https:\/\/thathappyhealth.com\/wp-content\/uploads\/2023\/10\/thh-1-840x840.jpg 840w, https:\/\/thathappyhealth.com\/wp-content\/uploads\/2023\/10\/thh-1-1260x1260.jpg 1260w, https:\/\/thathappyhealth.com\/wp-content\/uploads\/2023\/10\/thh-1.jpg 1500w\" sizes=\"(max-width: 1024px) 100vw, 1024px\" \/>\t\t\t\t\t\t\t\t\t\t\t\t\t\t\t\t\t\t\t\t\t\t\t\t<\/div>\n\t\t\t\t\t\t<\/div>\n\t\t\t\t<\/div>\n\t\t\t\t<div class=\"elementor-element elementor-element-87159eb elementor-widget elementor-widget-heading\" data-id=\"87159eb\" data-element_type=\"widget\" data-settings=\"{&quot;_animation&quot;:&quot;none&quot;}\" data-widget_type=\"heading.default\">\n\t\t\t\t<div class=\"elementor-widget-container\">\n\t\t\t<h2 class=\"elementor-heading-title elementor-size-default\">Programi 3<\/h2>\t\t<\/div>\n\t\t\t\t<\/div>\n\t\t\t\t<div class=\"elementor-element elementor-element-d0263cd elementor-widget elementor-widget-text-editor\" data-id=\"d0263cd\" data-element_type=\"widget\" data-widget_type=\"text-editor.default\">\n\t\t\t\t<div class=\"elementor-widget-container\">\n\t\t\t\t\t\t\t<p><span style=\"font-weight: 400;\">Gjatesia<\/span><\/p>\t\t\t\t\t\t<\/div>\n\t\t\t\t<\/div>\n\t\t\t\t<div class=\"elementor-element elementor-element-5475e20 elementor-mobile-align-justify elementor-align-justify elementor-widget elementor-widget-button\" data-id=\"5475e20\" data-element_type=\"widget\" data-widget_type=\"button.default\">\n\t\t\t\t<div class=\"elementor-widget-container\">\n\t\t\t\t\t<div class=\"elementor-button-wrapper\">\n\t\t\t<a class=\"elementor-button elementor-button-link elementor-size-sm\" href=\"http:\/\/wellness.thathappyhealth.com\">\n\t\t\t\t\t\t<span class=\"elementor-button-content-wrapper\">\n\t\t\t\t\t\t<span class=\"elementor-button-text\">M\u00cbSO M\u00cb SHUM\u00cb<\/span>\n\t\t<\/span>\n\t\t\t\t\t<\/a>\n\t\t<\/div>\n\t\t\t\t<\/div>\n\t\t\t\t<\/div>\n\t\t\t\t<\/div>\n\t\t<div class=\"elementor-element elementor-element-a22f1b7 e-con-full e-flex e-con e-child\" data-id=\"a22f1b7\" data-element_type=\"container\" data-settings=\"{&quot;content_width&quot;:&quot;full&quot;,&quot;background_background&quot;:&quot;classic&quot;}\">\n\t\t\t\t<div class=\"elementor-element elementor-element-fdd6819 elementor-widget elementor-widget-image\" data-id=\"fdd6819\" data-element_type=\"widget\" data-widget_type=\"image.default\">\n\t\t\t\t<div class=\"elementor-widget-container\">\n\t\t\t\t\t\t\t<div class=\"elementor-image\">\n\t\t\t\t\t\t\t\t\t\t\t\t\t\t\t\t\t\t\t\t\t<img loading=\"lazy\" decoding=\"async\" width=\"1024\" height=\"1024\" src=\"https:\/\/thathappyhealth.com\/wp-content\/uploads\/2023\/10\/thh-1-1024x1024.jpg\" class=\"attachment-large size-large wp-image-987894\" alt=\"\" srcset=\"https:\/\/thathappyhealth.com\/wp-content\/uploads\/2023\/10\/thh-1-1024x1024.jpg 1024w, https:\/\/thathappyhealth.com\/wp-content\/uploads\/2023\/10\/thh-1-420x420.jpg 420w, https:\/\/thathappyhealth.com\/wp-content\/uploads\/2023\/10\/thh-1-315x315.jpg 315w, https:\/\/thathappyhealth.com\/wp-content\/uploads\/2023\/10\/thh-1-630x630.jpg 630w, https:\/\/thathappyhealth.com\/wp-content\/uploads\/2023\/10\/thh-1-300x300.jpg 300w, https:\/\/thathappyhealth.com\/wp-content\/uploads\/2023\/10\/thh-1-150x150.jpg 150w, https:\/\/thathappyhealth.com\/wp-content\/uploads\/2023\/10\/thh-1-768x768.jpg 768w, https:\/\/thathappyhealth.com\/wp-content\/uploads\/2023\/10\/thh-1-840x840.jpg 840w, https:\/\/thathappyhealth.com\/wp-content\/uploads\/2023\/10\/thh-1-1260x1260.jpg 1260w, https:\/\/thathappyhealth.com\/wp-content\/uploads\/2023\/10\/thh-1.jpg 1500w\" sizes=\"(max-width: 1024px) 100vw, 1024px\" \/>\t\t\t\t\t\t\t\t\t\t\t\t\t\t\t\t\t\t\t\t\t\t\t\t<\/div>\n\t\t\t\t\t\t<\/div>\n\t\t\t\t<\/div>\n\t\t\t\t<div class=\"elementor-element elementor-element-f7124b5 elementor-widget elementor-widget-heading\" data-id=\"f7124b5\" data-element_type=\"widget\" data-settings=\"{&quot;_animation&quot;:&quot;none&quot;}\" data-widget_type=\"heading.default\">\n\t\t\t\t<div class=\"elementor-widget-container\">\n\t\t\t<h2 class=\"elementor-heading-title elementor-size-default\">Programi 4<\/h2>\t\t<\/div>\n\t\t\t\t<\/div>\n\t\t\t\t<div class=\"elementor-element elementor-element-fa5641e elementor-widget elementor-widget-text-editor\" data-id=\"fa5641e\" data-element_type=\"widget\" data-widget_type=\"text-editor.default\">\n\t\t\t\t<div class=\"elementor-widget-container\">\n\t\t\t\t\t\t\t<p><span style=\"font-weight: 400;\">Gjatesia<\/span><\/p>\t\t\t\t\t\t<\/div>\n\t\t\t\t<\/div>\n\t\t\t\t<div class=\"elementor-element elementor-element-89aa3f0 elementor-mobile-align-justify elementor-align-justify elementor-widget elementor-widget-button\" data-id=\"89aa3f0\" data-element_type=\"widget\" data-widget_type=\"button.default\">\n\t\t\t\t<div class=\"elementor-widget-container\">\n\t\t\t\t\t<div class=\"elementor-button-wrapper\">\n\t\t\t<a class=\"elementor-button elementor-button-link elementor-size-sm\" href=\"http:\/\/wellness.thathappyhealth.com\">\n\t\t\t\t\t\t<span class=\"elementor-button-content-wrapper\">\n\t\t\t\t\t\t<span class=\"elementor-button-text\">M\u00cbSO M\u00cb SHUM\u00cb<\/span>\n\t\t<\/span>\n\t\t\t\t\t<\/a>\n\t\t<\/div>\n\t\t\t\t<\/div>\n\t\t\t\t<\/div>\n\t\t\t\t<\/div>\n\t\t\t\t\t<\/div>\n\t\t\t\t<\/div>\n\t\t\t\t\t\t\t<\/div>","protected":false},"excerpt":{"rendered":"<p>PODIATRIST Valentina Halimi Your Expert Podiatrist for Online Wellness Consultations! ABOUT VALENTINA Step into a world of foot health and well-being with health practitioner Valentina Halimi whom is a working professional podiatrist ready to guide you on your journey to happy and healthy feet. With years of experience and a passion for promoting overall wellness,&#8230;<\/p>","protected":false},"author":1,"featured_media":988278,"parent":991359,"menu_order":0,"comment_status":"closed","ping_status":"closed","template":"","meta":{"_acf_changed":false,"inline_featured_image":false,"footnotes":""},"class_list":["post-991470","page","type-page","status-publish","has-post-thumbnail","hentry"],"acf":[],"_links":{"self":[{"href":"https:\/\/thathappyhealth.com\/sq\/wp-json\/wp\/v2\/pages\/991470"}],"collection":[{"href":"https:\/\/thathappyhealth.com\/sq\/wp-json\/wp\/v2\/pages"}],"about":[{"href":"https:\/\/thathappyhealth.com\/sq\/wp-json\/wp\/v2\/types\/page"}],"author":[{"embeddable":true,"href":"https:\/\/thathappyhealth.com\/sq\/wp-json\/wp\/v2\/users\/1"}],"replies":[{"embeddable":true,"href":"https:\/\/thathappyhealth.com\/sq\/wp-json\/wp\/v2\/comments?post=991470"}],"version-history":[{"count":19,"href":"https:\/\/thathappyhealth.com\/sq\/wp-json\/wp\/v2\/pages\/991470\/revisions"}],"predecessor-version":[{"id":992283,"href":"https:\/\/thathappyhealth.com\/sq\/wp-json\/wp\/v2\/pages\/991470\/revisions\/992283"}],"up":[{"embeddable":true,"href":"https:\/\/thathappyhealth.com\/sq\/wp-json\/wp\/v2\/pages\/991359"}],"wp:featuredmedia":[{"embeddable":true,"href":"https:\/\/thathappyhealth.com\/sq\/wp-json\/wp\/v2\/media\/988278"}],"wp:attachment":[{"href":"https:\/\/thathappyhealth.com\/sq\/wp-json\/wp\/v2\/media?parent=991470"}],"curies":[{"name":"wp","href":"https:\/\/api.w.org\/{rel}","templated":true}]}}