{"id":991495,"date":"2024-01-24T15:26:54","date_gmt":"2024-01-24T15:26:54","guid":{"rendered":"https:\/\/thathappyhealth.com\/?page_id=991495"},"modified":"2024-06-05T20:17:24","modified_gmt":"2024-06-05T19:17:24","slug":"arta-istrefi","status":"publish","type":"page","link":"https:\/\/thathappyhealth.com\/sq\/experts\/arta-istrefi\/","title":{"rendered":"Arta Istrefi"},"content":{"rendered":"<div data-elementor-type=\"wp-page\" data-elementor-id=\"991495\" class=\"elementor elementor-991495\" data-elementor-post-type=\"page\">\n\t\t\t\t\t\t\t<div class=\"elementor-element elementor-element-4520331 e-flex e-con-boxed e-con e-parent\" data-id=\"4520331\" data-element_type=\"container\" data-settings=\"{&quot;content_width&quot;:&quot;boxed&quot;}\" data-core-v316-plus=\"true\">\n\t\t\t\t\t<div class=\"e-con-inner\">\n\t\t<div class=\"elementor-element elementor-element-ba79032 e-con-full e-flex e-con e-child\" data-id=\"ba79032\" data-element_type=\"container\" data-settings=\"{&quot;content_width&quot;:&quot;full&quot;}\">\n\t\t\t\t<div class=\"elementor-element elementor-element-553ec20 elementor-widget elementor-widget-heading\" data-id=\"553ec20\" data-element_type=\"widget\" data-widget_type=\"heading.default\">\n\t\t\t\t<div class=\"elementor-widget-container\">\n\t\t\t<style>\/*! elementor - v3.17.0 - 25-10-2023 *\/\n.elementor-heading-title{padding:0;margin:0;line-height:1}.elementor-widget-heading .elementor-heading-title[class*=elementor-size-]>a{color:inherit;font-size:inherit;line-height:inherit}.elementor-widget-heading .elementor-heading-title.elementor-size-small{font-size:15px}.elementor-widget-heading .elementor-heading-title.elementor-size-medium{font-size:19px}.elementor-widget-heading .elementor-heading-title.elementor-size-large{font-size:29px}.elementor-widget-heading .elementor-heading-title.elementor-size-xl{font-size:39px}.elementor-widget-heading .elementor-heading-title.elementor-size-xxl{font-size:59px}<\/style><h2 class=\"elementor-heading-title elementor-size-default\">TRAJNERE E BIZNESIT<\/h2>\t\t<\/div>\n\t\t\t\t<\/div>\n\t\t\t\t<div class=\"elementor-element elementor-element-00a394f elementor-widget elementor-widget-heading\" data-id=\"00a394f\" data-element_type=\"widget\" data-widget_type=\"heading.default\">\n\t\t\t\t<div class=\"elementor-widget-container\">\n\t\t\t<h2 class=\"elementor-heading-title elementor-size-default\">ARTA ISTREFI<\/h2>\t\t<\/div>\n\t\t\t\t<\/div>\n\t\t\t\t<div class=\"elementor-element elementor-element-6580ecb elementor-widget__width-initial elementor-widget elementor-widget-text-editor\" data-id=\"6580ecb\" data-element_type=\"widget\" data-widget_type=\"text-editor.default\">\n\t\t\t\t<div class=\"elementor-widget-container\">\n\t\t\t<style>\/*! elementor - v3.17.0 - 25-10-2023 *\/\n.elementor-widget-text-editor.elementor-drop-cap-view-stacked .elementor-drop-cap{background-color:#69727d;color:#fff}.elementor-widget-text-editor.elementor-drop-cap-view-framed .elementor-drop-cap{color:#69727d;border:3px solid;background-color:transparent}.elementor-widget-text-editor:not(.elementor-drop-cap-view-default) .elementor-drop-cap{margin-top:8px}.elementor-widget-text-editor:not(.elementor-drop-cap-view-default) .elementor-drop-cap-letter{width:1em;height:1em}.elementor-widget-text-editor .elementor-drop-cap{float:left;text-align:center;line-height:1;font-size:50px}.elementor-widget-text-editor .elementor-drop-cap-letter{display:inline-block}<\/style>\t\t\t\t<p>Ngrihuni me ekspertiz\u00eb p\u00ebr t\u00eb zbuluar potencialin tuaj t\u00eb biznesit! Un\u00eb jam udh\u00ebrr\u00ebfyesi juaj n\u00eb k\u00ebt\u00eb udh\u00ebtim t\u00eb mrekulluesh\u00ebm t\u00eb transformimit t\u00eb biznesit ku ambicia takohet me ekspertiz\u00ebn.<\/p>\t\t\t\t\t\t<\/div>\n\t\t\t\t<\/div>\n\t\t\t\t<div class=\"elementor-element elementor-element-6c271c0 elementor-widget elementor-widget-shortcode\" data-id=\"6c271c0\" data-element_type=\"widget\" data-widget_type=\"shortcode.default\">\n\t\t\t\t<div class=\"elementor-widget-container\">\n\t\t\t\t\t<div class=\"elementor-shortcode\"><div class=\"latepoint-book-button os_trigger_booking\" data-selected-agent=\"3\"  style=\"margin-top: 10px\" data-nonce=\"10ac1ab268\">Book Appointment<\/div><\/div>\n\t\t\t\t<\/div>\n\t\t\t\t<\/div>\n\t\t\t\t<\/div>\n\t\t<div class=\"elementor-element elementor-element-a52a13a e-con-full e-flex e-con e-child\" data-id=\"a52a13a\" data-element_type=\"container\" data-settings=\"{&quot;content_width&quot;:&quot;full&quot;}\">\n\t\t\t\t<div class=\"elementor-element elementor-element-264f6a5 elementor-widget elementor-widget-image\" data-id=\"264f6a5\" data-element_type=\"widget\" data-widget_type=\"image.default\">\n\t\t\t\t<div class=\"elementor-widget-container\">\n\t\t\t<style>\/*! elementor - v3.17.0 - 25-10-2023 *\/\n.elementor-widget-image{text-align:center}.elementor-widget-image a{display:inline-block}.elementor-widget-image a img[src$=\".svg\"]{width:48px}.elementor-widget-image img{vertical-align:middle;display:inline-block}<\/style>\t\t\t\t<div class=\"elementor-image\">\n\t\t\t\t\t\t\t\t\t\t\t\t\t\t\t\t\t\t\t\t\t<img loading=\"lazy\" decoding=\"async\" width=\"713\" height=\"712\" src=\"https:\/\/thathappyhealth.com\/wp-content\/uploads\/2024\/01\/751f0f9d-0b58-4fd4-a04c-9509b2f146d8.jpg\" class=\"attachment-full size-full wp-image-991498\" alt=\"\" srcset=\"https:\/\/thathappyhealth.com\/wp-content\/uploads\/2024\/01\/751f0f9d-0b58-4fd4-a04c-9509b2f146d8.jpg 713w, https:\/\/thathappyhealth.com\/wp-content\/uploads\/2024\/01\/751f0f9d-0b58-4fd4-a04c-9509b2f146d8-300x300.jpg 300w, https:\/\/thathappyhealth.com\/wp-content\/uploads\/2024\/01\/751f0f9d-0b58-4fd4-a04c-9509b2f146d8-150x150.jpg 150w, https:\/\/thathappyhealth.com\/wp-content\/uploads\/2024\/01\/751f0f9d-0b58-4fd4-a04c-9509b2f146d8-400x400.jpg 400w, https:\/\/thathappyhealth.com\/wp-content\/uploads\/2024\/01\/751f0f9d-0b58-4fd4-a04c-9509b2f146d8-650x650.jpg 650w, https:\/\/thathappyhealth.com\/wp-content\/uploads\/2024\/01\/751f0f9d-0b58-4fd4-a04c-9509b2f146d8-420x420.jpg 420w, https:\/\/thathappyhealth.com\/wp-content\/uploads\/2024\/01\/751f0f9d-0b58-4fd4-a04c-9509b2f146d8-630x629.jpg 630w, https:\/\/thathappyhealth.com\/wp-content\/uploads\/2024\/01\/751f0f9d-0b58-4fd4-a04c-9509b2f146d8-315x315.jpg 315w\" sizes=\"(max-width: 713px) 100vw, 713px\" \/>\t\t\t\t\t\t\t\t\t\t\t\t\t\t\t\t\t\t\t\t\t\t\t\t<\/div>\n\t\t\t\t\t\t<\/div>\n\t\t\t\t<\/div>\n\t\t\t\t<\/div>\n\t\t\t\t\t<\/div>\n\t\t\t\t<\/div>\n\t\t<div class=\"elementor-element elementor-element-a64ac8f e-flex e-con-boxed e-con e-parent\" data-id=\"a64ac8f\" data-element_type=\"container\" data-settings=\"{&quot;background_background&quot;:&quot;classic&quot;,&quot;content_width&quot;:&quot;boxed&quot;}\" data-core-v316-plus=\"true\">\n\t\t\t\t\t<div class=\"e-con-inner\">\n\t\t\t\t<div class=\"elementor-element elementor-element-c7d01af elementor-widget elementor-widget-heading\" data-id=\"c7d01af\" data-element_type=\"widget\" data-widget_type=\"heading.default\">\n\t\t\t\t<div class=\"elementor-widget-container\">\n\t\t\t<h2 class=\"elementor-heading-title elementor-size-default\">RRETH ARTES<\/h2>\t\t<\/div>\n\t\t\t\t<\/div>\n\t\t\t\t<div class=\"elementor-element elementor-element-270f824 elementor-widget__width-initial elementor-widget elementor-widget-text-editor\" data-id=\"270f824\" data-element_type=\"widget\" data-widget_type=\"text-editor.default\">\n\t\t\t\t<div class=\"elementor-widget-container\">\n\t\t\t\t\t\t\t<p>BIO: Q\u00eb nga viti 2010 kam punuar me zhvillimin e sektorit privat. Un\u00eb kam mentoruar mbi 50 startup nga Kosova, Shqip\u00ebria, Maqedonia e Veriut, Bosnja dhe Hercegovina, Serbia dhe Bullgaria. Paraqitja e ides\u00eb tuaj t\u00eb biznesit te k\u00ebdo \u00ebsht\u00eb mjaft e r\u00ebnd\u00ebsishme, shum\u00ebve u mungon efekti WOW. Un\u00eb mund t'ju ndihmoj t\u00eb gjeni WOW-in tuaj dhe PSE.<\/p><p>Un\u00eb sjell nj\u00eb pasuri t\u00eb njohurive si kandidate p\u00ebr doktoratur\u00eb n\u00eb Administrim Biznesi, krahas certifikimit tim si Ekspert i Transformimit Dixhital dhe Ekzekutiv i Shitjeve.<\/p><p>Un\u00eb besoj fuqimisht se motor\u00ebt binjak\u00eb t\u00eb arsimit dhe pavar\u00ebsis\u00eb financiare jan\u00eb katalizator\u00ebt p\u00ebr ndryshimin e v\u00ebrtet\u00eb A jeni gati ta transformoni vizionin tuaj n\u00eb fitore? Le ta realizojm\u00eb, s\u00eb bashku!<\/p>\t\t\t\t\t\t<\/div>\n\t\t\t\t<\/div>\n\t\t\t\t\t<\/div>\n\t\t\t\t<\/div>\n\t\t<div class=\"elementor-element elementor-element-27b2df7 e-flex e-con-boxed e-con e-parent\" data-id=\"27b2df7\" data-element_type=\"container\" data-settings=\"{&quot;background_background&quot;:&quot;classic&quot;,&quot;content_width&quot;:&quot;boxed&quot;}\" data-core-v316-plus=\"true\">\n\t\t\t\t\t<div class=\"e-con-inner\">\n\t\t<div class=\"elementor-element elementor-element-1120045 e-con-full e-flex e-con e-child\" data-id=\"1120045\" data-element_type=\"container\" data-settings=\"{&quot;content_width&quot;:&quot;full&quot;}\">\n\t\t\t\t<div class=\"elementor-element elementor-element-0e93ce7 elementor-widget elementor-widget-heading\" data-id=\"0e93ce7\" data-element_type=\"widget\" data-settings=\"{&quot;_animation&quot;:&quot;none&quot;}\" data-widget_type=\"heading.default\">\n\t\t\t\t<div class=\"elementor-widget-container\">\n\t\t\t<h2 class=\"elementor-heading-title elementor-size-default\">PROGRAMET<\/h2>\t\t<\/div>\n\t\t\t\t<\/div>\n\t\t\t\t<\/div>\n\t\t\t\t\t<\/div>\n\t\t\t\t<\/div>\n\t\t<div class=\"elementor-element elementor-element-1b86dbb e-flex e-con-boxed e-con e-parent\" data-id=\"1b86dbb\" data-element_type=\"container\" data-settings=\"{&quot;background_background&quot;:&quot;classic&quot;,&quot;content_width&quot;:&quot;boxed&quot;}\" data-core-v316-plus=\"true\">\n\t\t\t\t\t<div class=\"e-con-inner\">\n\t\t<div class=\"elementor-element elementor-element-0aa8b44 e-con-full e-flex e-con e-child\" data-id=\"0aa8b44\" data-element_type=\"container\" data-settings=\"{&quot;content_width&quot;:&quot;full&quot;,&quot;background_background&quot;:&quot;classic&quot;}\">\n\t\t\t\t<div class=\"elementor-element elementor-element-4dba0ac elementor-widget elementor-widget-image\" data-id=\"4dba0ac\" data-element_type=\"widget\" data-widget_type=\"image.default\">\n\t\t\t\t<div class=\"elementor-widget-container\">\n\t\t\t\t\t\t\t<div class=\"elementor-image\">\n\t\t\t\t\t\t\t\t\t\t\t\t\t\t\t\t\t\t\t\t\t<img loading=\"lazy\" decoding=\"async\" width=\"1024\" height=\"1024\" src=\"https:\/\/thathappyhealth.com\/wp-content\/uploads\/2023\/10\/thh-1-1024x1024.jpg\" class=\"attachment-large size-large wp-image-987894\" alt=\"\" srcset=\"https:\/\/thathappyhealth.com\/wp-content\/uploads\/2023\/10\/thh-1-1024x1024.jpg 1024w, https:\/\/thathappyhealth.com\/wp-content\/uploads\/2023\/10\/thh-1-420x420.jpg 420w, https:\/\/thathappyhealth.com\/wp-content\/uploads\/2023\/10\/thh-1-315x315.jpg 315w, https:\/\/thathappyhealth.com\/wp-content\/uploads\/2023\/10\/thh-1-630x630.jpg 630w, https:\/\/thathappyhealth.com\/wp-content\/uploads\/2023\/10\/thh-1-300x300.jpg 300w, https:\/\/thathappyhealth.com\/wp-content\/uploads\/2023\/10\/thh-1-150x150.jpg 150w, https:\/\/thathappyhealth.com\/wp-content\/uploads\/2023\/10\/thh-1-768x768.jpg 768w, https:\/\/thathappyhealth.com\/wp-content\/uploads\/2023\/10\/thh-1-840x840.jpg 840w, https:\/\/thathappyhealth.com\/wp-content\/uploads\/2023\/10\/thh-1-1260x1260.jpg 1260w, https:\/\/thathappyhealth.com\/wp-content\/uploads\/2023\/10\/thh-1.jpg 1500w\" sizes=\"(max-width: 1024px) 100vw, 1024px\" \/>\t\t\t\t\t\t\t\t\t\t\t\t\t\t\t\t\t\t\t\t\t\t\t\t<\/div>\n\t\t\t\t\t\t<\/div>\n\t\t\t\t<\/div>\n\t\t\t\t<div class=\"elementor-element elementor-element-e3a9d40 elementor-widget elementor-widget-heading\" data-id=\"e3a9d40\" data-element_type=\"widget\" data-settings=\"{&quot;_animation&quot;:&quot;none&quot;}\" data-widget_type=\"heading.default\">\n\t\t\t\t<div class=\"elementor-widget-container\">\n\t\t\t<h2 class=\"elementor-heading-title elementor-size-default\">Programi 1<\/h2>\t\t<\/div>\n\t\t\t\t<\/div>\n\t\t\t\t<div class=\"elementor-element elementor-element-8052711 elementor-widget elementor-widget-text-editor\" data-id=\"8052711\" data-element_type=\"widget\" data-widget_type=\"text-editor.default\">\n\t\t\t\t<div class=\"elementor-widget-container\">\n\t\t\t\t\t\t\t<p><span style=\"font-weight: 400;\">Gjatesia<\/span><\/p>\t\t\t\t\t\t<\/div>\n\t\t\t\t<\/div>\n\t\t\t\t<div class=\"elementor-element elementor-element-3f7b986 elementor-mobile-align-justify elementor-align-justify elementor-widget elementor-widget-button\" data-id=\"3f7b986\" data-element_type=\"widget\" data-widget_type=\"button.default\">\n\t\t\t\t<div class=\"elementor-widget-container\">\n\t\t\t\t\t<div class=\"elementor-button-wrapper\">\n\t\t\t<a class=\"elementor-button elementor-button-link elementor-size-sm\" href=\"http:\/\/wellness.thathappyhealth.com\">\n\t\t\t\t\t\t<span class=\"elementor-button-content-wrapper\">\n\t\t\t\t\t\t<span class=\"elementor-button-text\">M\u00cbSO M\u00cb SHUM\u00cb<\/span>\n\t\t<\/span>\n\t\t\t\t\t<\/a>\n\t\t<\/div>\n\t\t\t\t<\/div>\n\t\t\t\t<\/div>\n\t\t\t\t<\/div>\n\t\t<div class=\"elementor-element elementor-element-7d0b40e e-con-full e-flex e-con e-child\" data-id=\"7d0b40e\" data-element_type=\"container\" data-settings=\"{&quot;content_width&quot;:&quot;full&quot;,&quot;background_background&quot;:&quot;classic&quot;}\">\n\t\t\t\t<div class=\"elementor-element elementor-element-f3625ea elementor-widget elementor-widget-image\" data-id=\"f3625ea\" data-element_type=\"widget\" data-widget_type=\"image.default\">\n\t\t\t\t<div class=\"elementor-widget-container\">\n\t\t\t\t\t\t\t<div class=\"elementor-image\">\n\t\t\t\t\t\t\t\t\t\t\t\t\t\t\t\t\t\t\t\t\t<img loading=\"lazy\" decoding=\"async\" width=\"1024\" height=\"1024\" src=\"https:\/\/thathappyhealth.com\/wp-content\/uploads\/2023\/10\/thh-1-1024x1024.jpg\" class=\"attachment-large size-large wp-image-987894\" alt=\"\" srcset=\"https:\/\/thathappyhealth.com\/wp-content\/uploads\/2023\/10\/thh-1-1024x1024.jpg 1024w, https:\/\/thathappyhealth.com\/wp-content\/uploads\/2023\/10\/thh-1-420x420.jpg 420w, https:\/\/thathappyhealth.com\/wp-content\/uploads\/2023\/10\/thh-1-315x315.jpg 315w, https:\/\/thathappyhealth.com\/wp-content\/uploads\/2023\/10\/thh-1-630x630.jpg 630w, https:\/\/thathappyhealth.com\/wp-content\/uploads\/2023\/10\/thh-1-300x300.jpg 300w, https:\/\/thathappyhealth.com\/wp-content\/uploads\/2023\/10\/thh-1-150x150.jpg 150w, https:\/\/thathappyhealth.com\/wp-content\/uploads\/2023\/10\/thh-1-768x768.jpg 768w, https:\/\/thathappyhealth.com\/wp-content\/uploads\/2023\/10\/thh-1-840x840.jpg 840w, https:\/\/thathappyhealth.com\/wp-content\/uploads\/2023\/10\/thh-1-1260x1260.jpg 1260w, https:\/\/thathappyhealth.com\/wp-content\/uploads\/2023\/10\/thh-1.jpg 1500w\" sizes=\"(max-width: 1024px) 100vw, 1024px\" \/>\t\t\t\t\t\t\t\t\t\t\t\t\t\t\t\t\t\t\t\t\t\t\t\t<\/div>\n\t\t\t\t\t\t<\/div>\n\t\t\t\t<\/div>\n\t\t\t\t<div class=\"elementor-element elementor-element-0fe1450 elementor-widget elementor-widget-heading\" data-id=\"0fe1450\" data-element_type=\"widget\" data-settings=\"{&quot;_animation&quot;:&quot;none&quot;}\" data-widget_type=\"heading.default\">\n\t\t\t\t<div class=\"elementor-widget-container\">\n\t\t\t<h2 class=\"elementor-heading-title elementor-size-default\">Programi 2<\/h2>\t\t<\/div>\n\t\t\t\t<\/div>\n\t\t\t\t<div class=\"elementor-element elementor-element-0dce93e elementor-widget elementor-widget-text-editor\" data-id=\"0dce93e\" data-element_type=\"widget\" data-widget_type=\"text-editor.default\">\n\t\t\t\t<div class=\"elementor-widget-container\">\n\t\t\t\t\t\t\t<p><span style=\"font-weight: 400;\">Gjatesia<\/span><\/p>\t\t\t\t\t\t<\/div>\n\t\t\t\t<\/div>\n\t\t\t\t<div class=\"elementor-element elementor-element-4106928 elementor-mobile-align-justify elementor-align-justify elementor-widget elementor-widget-button\" data-id=\"4106928\" data-element_type=\"widget\" data-widget_type=\"button.default\">\n\t\t\t\t<div class=\"elementor-widget-container\">\n\t\t\t\t\t<div class=\"elementor-button-wrapper\">\n\t\t\t<a class=\"elementor-button elementor-button-link elementor-size-sm\" href=\"http:\/\/wellness.thathappyhealth.com\">\n\t\t\t\t\t\t<span class=\"elementor-button-content-wrapper\">\n\t\t\t\t\t\t<span class=\"elementor-button-text\">M\u00cbSO M\u00cb SHUM\u00cb<\/span>\n\t\t<\/span>\n\t\t\t\t\t<\/a>\n\t\t<\/div>\n\t\t\t\t<\/div>\n\t\t\t\t<\/div>\n\t\t\t\t<\/div>\n\t\t<div class=\"elementor-element elementor-element-e790904 e-con-full e-flex e-con e-child\" data-id=\"e790904\" data-element_type=\"container\" data-settings=\"{&quot;content_width&quot;:&quot;full&quot;,&quot;background_background&quot;:&quot;classic&quot;}\">\n\t\t\t\t<div class=\"elementor-element elementor-element-3bc8ed5 elementor-widget elementor-widget-image\" data-id=\"3bc8ed5\" data-element_type=\"widget\" data-widget_type=\"image.default\">\n\t\t\t\t<div class=\"elementor-widget-container\">\n\t\t\t\t\t\t\t<div class=\"elementor-image\">\n\t\t\t\t\t\t\t\t\t\t\t\t\t\t\t\t\t\t\t\t\t<img loading=\"lazy\" decoding=\"async\" width=\"1024\" height=\"1024\" src=\"https:\/\/thathappyhealth.com\/wp-content\/uploads\/2023\/10\/thh-1-1024x1024.jpg\" class=\"attachment-large size-large wp-image-987894\" alt=\"\" srcset=\"https:\/\/thathappyhealth.com\/wp-content\/uploads\/2023\/10\/thh-1-1024x1024.jpg 1024w, https:\/\/thathappyhealth.com\/wp-content\/uploads\/2023\/10\/thh-1-420x420.jpg 420w, https:\/\/thathappyhealth.com\/wp-content\/uploads\/2023\/10\/thh-1-315x315.jpg 315w, https:\/\/thathappyhealth.com\/wp-content\/uploads\/2023\/10\/thh-1-630x630.jpg 630w, https:\/\/thathappyhealth.com\/wp-content\/uploads\/2023\/10\/thh-1-300x300.jpg 300w, https:\/\/thathappyhealth.com\/wp-content\/uploads\/2023\/10\/thh-1-150x150.jpg 150w, https:\/\/thathappyhealth.com\/wp-content\/uploads\/2023\/10\/thh-1-768x768.jpg 768w, https:\/\/thathappyhealth.com\/wp-content\/uploads\/2023\/10\/thh-1-840x840.jpg 840w, https:\/\/thathappyhealth.com\/wp-content\/uploads\/2023\/10\/thh-1-1260x1260.jpg 1260w, https:\/\/thathappyhealth.com\/wp-content\/uploads\/2023\/10\/thh-1.jpg 1500w\" sizes=\"(max-width: 1024px) 100vw, 1024px\" \/>\t\t\t\t\t\t\t\t\t\t\t\t\t\t\t\t\t\t\t\t\t\t\t\t<\/div>\n\t\t\t\t\t\t<\/div>\n\t\t\t\t<\/div>\n\t\t\t\t<div class=\"elementor-element elementor-element-87159eb elementor-widget elementor-widget-heading\" data-id=\"87159eb\" data-element_type=\"widget\" data-settings=\"{&quot;_animation&quot;:&quot;none&quot;}\" data-widget_type=\"heading.default\">\n\t\t\t\t<div class=\"elementor-widget-container\">\n\t\t\t<h2 class=\"elementor-heading-title elementor-size-default\">Programi 3<\/h2>\t\t<\/div>\n\t\t\t\t<\/div>\n\t\t\t\t<div class=\"elementor-element elementor-element-d0263cd elementor-widget elementor-widget-text-editor\" data-id=\"d0263cd\" data-element_type=\"widget\" data-widget_type=\"text-editor.default\">\n\t\t\t\t<div class=\"elementor-widget-container\">\n\t\t\t\t\t\t\t<p><span style=\"font-weight: 400;\">Gjatesia<\/span><\/p>\t\t\t\t\t\t<\/div>\n\t\t\t\t<\/div>\n\t\t\t\t<div class=\"elementor-element elementor-element-5475e20 elementor-mobile-align-justify elementor-align-justify elementor-widget elementor-widget-button\" data-id=\"5475e20\" data-element_type=\"widget\" data-widget_type=\"button.default\">\n\t\t\t\t<div class=\"elementor-widget-container\">\n\t\t\t\t\t<div class=\"elementor-button-wrapper\">\n\t\t\t<a class=\"elementor-button elementor-button-link elementor-size-sm\" href=\"http:\/\/wellness.thathappyhealth.com\">\n\t\t\t\t\t\t<span class=\"elementor-button-content-wrapper\">\n\t\t\t\t\t\t<span class=\"elementor-button-text\">M\u00cbSO M\u00cb SHUM\u00cb<\/span>\n\t\t<\/span>\n\t\t\t\t\t<\/a>\n\t\t<\/div>\n\t\t\t\t<\/div>\n\t\t\t\t<\/div>\n\t\t\t\t<\/div>\n\t\t<div class=\"elementor-element elementor-element-a22f1b7 e-con-full e-flex e-con e-child\" data-id=\"a22f1b7\" data-element_type=\"container\" data-settings=\"{&quot;content_width&quot;:&quot;full&quot;,&quot;background_background&quot;:&quot;classic&quot;}\">\n\t\t\t\t<div class=\"elementor-element elementor-element-fdd6819 elementor-widget elementor-widget-image\" data-id=\"fdd6819\" data-element_type=\"widget\" data-widget_type=\"image.default\">\n\t\t\t\t<div class=\"elementor-widget-container\">\n\t\t\t\t\t\t\t<div class=\"elementor-image\">\n\t\t\t\t\t\t\t\t\t\t\t\t\t\t\t\t\t\t\t\t\t<img loading=\"lazy\" decoding=\"async\" width=\"1024\" height=\"1024\" src=\"https:\/\/thathappyhealth.com\/wp-content\/uploads\/2023\/10\/thh-1-1024x1024.jpg\" class=\"attachment-large size-large wp-image-987894\" alt=\"\" srcset=\"https:\/\/thathappyhealth.com\/wp-content\/uploads\/2023\/10\/thh-1-1024x1024.jpg 1024w, https:\/\/thathappyhealth.com\/wp-content\/uploads\/2023\/10\/thh-1-420x420.jpg 420w, https:\/\/thathappyhealth.com\/wp-content\/uploads\/2023\/10\/thh-1-315x315.jpg 315w, https:\/\/thathappyhealth.com\/wp-content\/uploads\/2023\/10\/thh-1-630x630.jpg 630w, https:\/\/thathappyhealth.com\/wp-content\/uploads\/2023\/10\/thh-1-300x300.jpg 300w, https:\/\/thathappyhealth.com\/wp-content\/uploads\/2023\/10\/thh-1-150x150.jpg 150w, https:\/\/thathappyhealth.com\/wp-content\/uploads\/2023\/10\/thh-1-768x768.jpg 768w, https:\/\/thathappyhealth.com\/wp-content\/uploads\/2023\/10\/thh-1-840x840.jpg 840w, https:\/\/thathappyhealth.com\/wp-content\/uploads\/2023\/10\/thh-1-1260x1260.jpg 1260w, https:\/\/thathappyhealth.com\/wp-content\/uploads\/2023\/10\/thh-1.jpg 1500w\" sizes=\"(max-width: 1024px) 100vw, 1024px\" \/>\t\t\t\t\t\t\t\t\t\t\t\t\t\t\t\t\t\t\t\t\t\t\t\t<\/div>\n\t\t\t\t\t\t<\/div>\n\t\t\t\t<\/div>\n\t\t\t\t<div class=\"elementor-element elementor-element-f7124b5 elementor-widget elementor-widget-heading\" data-id=\"f7124b5\" data-element_type=\"widget\" data-settings=\"{&quot;_animation&quot;:&quot;none&quot;}\" data-widget_type=\"heading.default\">\n\t\t\t\t<div class=\"elementor-widget-container\">\n\t\t\t<h2 class=\"elementor-heading-title elementor-size-default\">Programi 4<\/h2>\t\t<\/div>\n\t\t\t\t<\/div>\n\t\t\t\t<div class=\"elementor-element elementor-element-fa5641e elementor-widget elementor-widget-text-editor\" data-id=\"fa5641e\" data-element_type=\"widget\" data-widget_type=\"text-editor.default\">\n\t\t\t\t<div class=\"elementor-widget-container\">\n\t\t\t\t\t\t\t<p><span style=\"font-weight: 400;\">Gjatesia<\/span><\/p>\t\t\t\t\t\t<\/div>\n\t\t\t\t<\/div>\n\t\t\t\t<div class=\"elementor-element elementor-element-89aa3f0 elementor-mobile-align-justify elementor-align-justify elementor-widget elementor-widget-button\" data-id=\"89aa3f0\" data-element_type=\"widget\" data-widget_type=\"button.default\">\n\t\t\t\t<div class=\"elementor-widget-container\">\n\t\t\t\t\t<div class=\"elementor-button-wrapper\">\n\t\t\t<a class=\"elementor-button elementor-button-link elementor-size-sm\" href=\"http:\/\/wellness.thathappyhealth.com\">\n\t\t\t\t\t\t<span class=\"elementor-button-content-wrapper\">\n\t\t\t\t\t\t<span class=\"elementor-button-text\">M\u00cbSO M\u00cb SHUM\u00cb<\/span>\n\t\t<\/span>\n\t\t\t\t\t<\/a>\n\t\t<\/div>\n\t\t\t\t<\/div>\n\t\t\t\t<\/div>\n\t\t\t\t<\/div>\n\t\t\t\t\t<\/div>\n\t\t\t\t<\/div>\n\t\t\t\t\t\t\t<\/div>","protected":false},"excerpt":{"rendered":"<p>BUSINESS COACH ARTA ISTREFI Rise with Expertise to Reveal Your Business Potential! I am your guide on this wonderful journey of business transformation where ambition meets expertise. ABOUT ARTA BIO:Since 2010 I have worked with private sector development. I have mentored over 50 startups from Kosovo, Albania, North Macedonia, Bosnia and Herzegovina, Serbia and Bulgaria&#8230;.<\/p>","protected":false},"author":1,"featured_media":988278,"parent":991359,"menu_order":0,"comment_status":"closed","ping_status":"closed","template":"","meta":{"_acf_changed":false,"inline_featured_image":false,"footnotes":""},"class_list":["post-991495","page","type-page","status-publish","has-post-thumbnail","hentry"],"acf":[],"_links":{"self":[{"href":"https:\/\/thathappyhealth.com\/sq\/wp-json\/wp\/v2\/pages\/991495"}],"collection":[{"href":"https:\/\/thathappyhealth.com\/sq\/wp-json\/wp\/v2\/pages"}],"about":[{"href":"https:\/\/thathappyhealth.com\/sq\/wp-json\/wp\/v2\/types\/page"}],"author":[{"embeddable":true,"href":"https:\/\/thathappyhealth.com\/sq\/wp-json\/wp\/v2\/users\/1"}],"replies":[{"embeddable":true,"href":"https:\/\/thathappyhealth.com\/sq\/wp-json\/wp\/v2\/comments?post=991495"}],"version-history":[{"count":10,"href":"https:\/\/thathappyhealth.com\/sq\/wp-json\/wp\/v2\/pages\/991495\/revisions"}],"predecessor-version":[{"id":992289,"href":"https:\/\/thathappyhealth.com\/sq\/wp-json\/wp\/v2\/pages\/991495\/revisions\/992289"}],"up":[{"embeddable":true,"href":"https:\/\/thathappyhealth.com\/sq\/wp-json\/wp\/v2\/pages\/991359"}],"wp:featuredmedia":[{"embeddable":true,"href":"https:\/\/thathappyhealth.com\/sq\/wp-json\/wp\/v2\/media\/988278"}],"wp:attachment":[{"href":"https:\/\/thathappyhealth.com\/sq\/wp-json\/wp\/v2\/media?parent=991495"}],"curies":[{"name":"wp","href":"https:\/\/api.w.org\/{rel}","templated":true}]}}