{"id":991542,"date":"2024-01-24T16:18:56","date_gmt":"2024-01-24T16:18:56","guid":{"rendered":"https:\/\/thathappyhealth.com\/?page_id=991542"},"modified":"2024-06-05T20:21:22","modified_gmt":"2024-06-05T19:21:22","slug":"arsa","status":"publish","type":"page","link":"https:\/\/thathappyhealth.com\/sq\/experts\/arsa\/","title":{"rendered":"Arsa"},"content":{"rendered":"<div data-elementor-type=\"wp-page\" data-elementor-id=\"991542\" class=\"elementor elementor-991542\" data-elementor-post-type=\"page\">\n\t\t\t\t\t\t\t<div class=\"elementor-element elementor-element-4520331 e-flex e-con-boxed e-con e-parent\" data-id=\"4520331\" data-element_type=\"container\" data-settings=\"{&quot;content_width&quot;:&quot;boxed&quot;}\" data-core-v316-plus=\"true\">\n\t\t\t\t\t<div class=\"e-con-inner\">\n\t\t<div class=\"elementor-element elementor-element-ba79032 e-con-full e-flex e-con e-child\" data-id=\"ba79032\" data-element_type=\"container\" data-settings=\"{&quot;content_width&quot;:&quot;full&quot;}\">\n\t\t\t\t<div class=\"elementor-element elementor-element-553ec20 elementor-widget elementor-widget-heading\" data-id=\"553ec20\" data-element_type=\"widget\" data-widget_type=\"heading.default\">\n\t\t\t\t<div class=\"elementor-widget-container\">\n\t\t\t<style>\/*! elementor - v3.17.0 - 25-10-2023 *\/\n.elementor-heading-title{padding:0;margin:0;line-height:1}.elementor-widget-heading .elementor-heading-title[class*=elementor-size-]>a{color:inherit;font-size:inherit;line-height:inherit}.elementor-widget-heading .elementor-heading-title.elementor-size-small{font-size:15px}.elementor-widget-heading .elementor-heading-title.elementor-size-medium{font-size:19px}.elementor-widget-heading .elementor-heading-title.elementor-size-large{font-size:29px}.elementor-widget-heading .elementor-heading-title.elementor-size-xl{font-size:39px}.elementor-widget-heading .elementor-heading-title.elementor-size-xxl{font-size:59px}<\/style><h2 class=\"elementor-heading-title elementor-size-default\">KULTIVUESE E USHQIMIT ORGANIK<\/h2>\t\t<\/div>\n\t\t\t\t<\/div>\n\t\t\t\t<div class=\"elementor-element elementor-element-00a394f elementor-widget elementor-widget-heading\" data-id=\"00a394f\" data-element_type=\"widget\" data-widget_type=\"heading.default\">\n\t\t\t\t<div class=\"elementor-widget-container\">\n\t\t\t<h2 class=\"elementor-heading-title elementor-size-default\">Arsa<\/h2>\t\t<\/div>\n\t\t\t\t<\/div>\n\t\t\t\t<div class=\"elementor-element elementor-element-6580ecb elementor-widget__width-initial elementor-widget elementor-widget-text-editor\" data-id=\"6580ecb\" data-element_type=\"widget\" data-widget_type=\"text-editor.default\">\n\t\t\t\t<div class=\"elementor-widget-container\">\n\t\t\t<style>\/*! elementor - v3.17.0 - 25-10-2023 *\/\n.elementor-widget-text-editor.elementor-drop-cap-view-stacked .elementor-drop-cap{background-color:#69727d;color:#fff}.elementor-widget-text-editor.elementor-drop-cap-view-framed .elementor-drop-cap{color:#69727d;border:3px solid;background-color:transparent}.elementor-widget-text-editor:not(.elementor-drop-cap-view-default) .elementor-drop-cap{margin-top:8px}.elementor-widget-text-editor:not(.elementor-drop-cap-view-default) .elementor-drop-cap-letter{width:1em;height:1em}.elementor-widget-text-editor .elementor-drop-cap{float:left;text-align:center;line-height:1;font-size:50px}.elementor-widget-text-editor .elementor-drop-cap-letter{display:inline-block}<\/style>\t\t\t\t<p><span style=\"font-weight: 400;\">Njihuni me Ars\u00ebn, nj\u00eb kultivuese e pasionuar me natyr\u00ebn dhe t\u00eb gjelb\u00ebrt\u00ebn t\u00eb rr\u00ebnjosur thell\u00eb q\u00eb nga f\u00ebmij\u00ebria. E rritur n\u00eb nj\u00eb familje q\u00eb vler\u00ebsonte artin e kopshtaris\u00eb, Arsa ka nxitur nj\u00eb lidhje t\u00eb p\u00ebrjetshme me tok\u00ebn. <\/span><\/p>\t\t\t\t\t\t<\/div>\n\t\t\t\t<\/div>\n\t\t\t\t<div class=\"elementor-element elementor-element-6c271c0 elementor-widget elementor-widget-shortcode\" data-id=\"6c271c0\" data-element_type=\"widget\" data-widget_type=\"shortcode.default\">\n\t\t\t\t<div class=\"elementor-widget-container\">\n\t\t\t\t\t<div class=\"elementor-shortcode\"><div class=\"latepoint-book-button os_trigger_booking\" data-selected-agent=\"14\"  style=\"margin-top: 10px\" data-nonce=\"5a4a19e713\">Book Appointment<\/div><\/div>\n\t\t\t\t<\/div>\n\t\t\t\t<\/div>\n\t\t\t\t<\/div>\n\t\t<div class=\"elementor-element elementor-element-a52a13a e-con-full e-flex e-con e-child\" data-id=\"a52a13a\" data-element_type=\"container\" data-settings=\"{&quot;content_width&quot;:&quot;full&quot;}\">\n\t\t\t\t<div class=\"elementor-element elementor-element-264f6a5 elementor-widget elementor-widget-image\" data-id=\"264f6a5\" data-element_type=\"widget\" data-widget_type=\"image.default\">\n\t\t\t\t<div class=\"elementor-widget-container\">\n\t\t\t<style>\/*! elementor - v3.17.0 - 25-10-2023 *\/\n.elementor-widget-image{text-align:center}.elementor-widget-image a{display:inline-block}.elementor-widget-image a img[src$=\".svg\"]{width:48px}.elementor-widget-image img{vertical-align:middle;display:inline-block}<\/style>\t\t\t\t<div class=\"elementor-image\">\n\t\t\t\t\t\t\t\t\t\t\t\t\t\t\t\t\t\t\t\t\t<img loading=\"lazy\" decoding=\"async\" width=\"511\" height=\"420\" src=\"https:\/\/thathappyhealth.com\/wp-content\/uploads\/2024\/01\/arsa.png\" class=\"attachment-full size-full wp-image-991503\" alt=\"\" srcset=\"https:\/\/thathappyhealth.com\/wp-content\/uploads\/2024\/01\/arsa.png 511w, https:\/\/thathappyhealth.com\/wp-content\/uploads\/2024\/01\/arsa-300x247.png 300w\" sizes=\"(max-width: 511px) 100vw, 511px\" \/>\t\t\t\t\t\t\t\t\t\t\t\t\t\t\t\t\t\t\t\t\t\t\t\t<\/div>\n\t\t\t\t\t\t<\/div>\n\t\t\t\t<\/div>\n\t\t\t\t<\/div>\n\t\t\t\t\t<\/div>\n\t\t\t\t<\/div>\n\t\t<div class=\"elementor-element elementor-element-a64ac8f e-flex e-con-boxed e-con e-parent\" data-id=\"a64ac8f\" data-element_type=\"container\" data-settings=\"{&quot;background_background&quot;:&quot;classic&quot;,&quot;content_width&quot;:&quot;boxed&quot;}\" data-core-v316-plus=\"true\">\n\t\t\t\t\t<div class=\"e-con-inner\">\n\t\t\t\t<div class=\"elementor-element elementor-element-c7d01af elementor-widget elementor-widget-heading\" data-id=\"c7d01af\" data-element_type=\"widget\" data-widget_type=\"heading.default\">\n\t\t\t\t<div class=\"elementor-widget-container\">\n\t\t\t<h2 class=\"elementor-heading-title elementor-size-default\">RRETH ARS\u00cbS<\/h2>\t\t<\/div>\n\t\t\t\t<\/div>\n\t\t\t\t<div class=\"elementor-element elementor-element-270f824 elementor-widget__width-initial elementor-widget elementor-widget-text-editor\" data-id=\"270f824\" data-element_type=\"widget\" data-widget_type=\"text-editor.default\">\n\t\t\t\t<div class=\"elementor-widget-container\">\n\t\t\t\t\t\t\t<p><span style=\"font-weight: 400;\">Nga ato dit\u00ebt e para t\u00eb mbjelljes s\u00eb farave me njer\u00ebzit e dashur deri tek kopshtaria urbane n\u00eb zem\u00ebr t\u00eb qytetit, ajo \u00ebsht\u00eb shfaqur si nj\u00eb avokate e p\u00ebrkushtuar p\u00ebr nj\u00eb jet\u00eb t\u00eb q\u00ebndrueshme dhe fuqin\u00eb sh\u00ebruese t\u00eb ushqimeve organike.<\/span><\/p><p><span style=\"font-weight: 400;\">Me nj\u00eb udh\u00ebtim t\u00eb rr\u00ebnjosur n\u00eb dashurin\u00eb p\u00ebr ushqimin e b\u00ebr\u00eb n\u00eb sht\u00ebpi, Arsa sjell nj\u00eb pasuri t\u00eb p\u00ebrvoj\u00ebs praktike dhe nj\u00eb angazhim p\u00ebr t\u00eb ushqyer Tok\u00ebn n\u00eb qasjen e tyre holistike. <\/span><span style=\"font-weight: 400;\"><br \/><\/span><span style=\"font-weight: 400;\"><br \/><\/span><span style=\"font-weight: 400;\">Si nj\u00eb kultivuese e kopshtit me p\u00ebrvoj\u00eb, ajo ju fton t\u00eb eksploroni ndikimin e thell\u00eb t\u00eb kultivimit t\u00eb ushqimit tuaj, t\u00eb udh\u00ebhequr nga nj\u00eb kuptim i thell\u00eb i nd\u00ebrveprimit midis natyr\u00ebs dhe mir\u00ebqenies, si dhe nj\u00eb eksplorim n\u00eb superushqime dhe sh\u00ebrim n\u00ebp\u00ebrmjet tyre.<\/span><\/p>\t\t\t\t\t\t<\/div>\n\t\t\t\t<\/div>\n\t\t\t\t\t<\/div>\n\t\t\t\t<\/div>\n\t\t<div class=\"elementor-element elementor-element-27b2df7 e-flex e-con-boxed e-con e-parent\" data-id=\"27b2df7\" data-element_type=\"container\" data-settings=\"{&quot;background_background&quot;:&quot;classic&quot;,&quot;content_width&quot;:&quot;boxed&quot;}\" data-core-v316-plus=\"true\">\n\t\t\t\t\t<div class=\"e-con-inner\">\n\t\t<div class=\"elementor-element elementor-element-1120045 e-con-full e-flex e-con e-child\" data-id=\"1120045\" data-element_type=\"container\" data-settings=\"{&quot;content_width&quot;:&quot;full&quot;}\">\n\t\t\t\t<div class=\"elementor-element elementor-element-0e93ce7 elementor-widget elementor-widget-heading\" data-id=\"0e93ce7\" data-element_type=\"widget\" data-settings=\"{&quot;_animation&quot;:&quot;none&quot;}\" data-widget_type=\"heading.default\">\n\t\t\t\t<div class=\"elementor-widget-container\">\n\t\t\t<h2 class=\"elementor-heading-title elementor-size-default\">PROGRAMET DHE SH\u00cbRBIMET<\/h2>\t\t<\/div>\n\t\t\t\t<\/div>\n\t\t\t\t<\/div>\n\t\t\t\t\t<\/div>\n\t\t\t\t<\/div>\n\t\t<div class=\"elementor-element elementor-element-1b86dbb e-flex e-con-boxed e-con e-parent\" data-id=\"1b86dbb\" data-element_type=\"container\" data-settings=\"{&quot;background_background&quot;:&quot;classic&quot;,&quot;content_width&quot;:&quot;boxed&quot;}\" data-core-v316-plus=\"true\">\n\t\t\t\t\t<div class=\"e-con-inner\">\n\t\t<div class=\"elementor-element elementor-element-0aa8b44 e-con-full e-flex e-con e-child\" data-id=\"0aa8b44\" data-element_type=\"container\" data-settings=\"{&quot;content_width&quot;:&quot;full&quot;,&quot;background_background&quot;:&quot;classic&quot;}\">\n\t\t\t\t<div class=\"elementor-element elementor-element-4dba0ac elementor-widget elementor-widget-image\" data-id=\"4dba0ac\" data-element_type=\"widget\" data-widget_type=\"image.default\">\n\t\t\t\t<div class=\"elementor-widget-container\">\n\t\t\t\t\t\t\t<div class=\"elementor-image\">\n\t\t\t\t\t\t\t\t\t\t\t\t\t\t\t\t\t\t\t\t\t<img loading=\"lazy\" decoding=\"async\" width=\"1024\" height=\"1024\" src=\"https:\/\/thathappyhealth.com\/wp-content\/uploads\/2023\/10\/thh-1-1024x1024.jpg\" class=\"attachment-large size-large wp-image-987894\" alt=\"\" srcset=\"https:\/\/thathappyhealth.com\/wp-content\/uploads\/2023\/10\/thh-1-1024x1024.jpg 1024w, https:\/\/thathappyhealth.com\/wp-content\/uploads\/2023\/10\/thh-1-420x420.jpg 420w, https:\/\/thathappyhealth.com\/wp-content\/uploads\/2023\/10\/thh-1-315x315.jpg 315w, https:\/\/thathappyhealth.com\/wp-content\/uploads\/2023\/10\/thh-1-630x630.jpg 630w, https:\/\/thathappyhealth.com\/wp-content\/uploads\/2023\/10\/thh-1-300x300.jpg 300w, https:\/\/thathappyhealth.com\/wp-content\/uploads\/2023\/10\/thh-1-150x150.jpg 150w, https:\/\/thathappyhealth.com\/wp-content\/uploads\/2023\/10\/thh-1-768x768.jpg 768w, https:\/\/thathappyhealth.com\/wp-content\/uploads\/2023\/10\/thh-1-840x840.jpg 840w, https:\/\/thathappyhealth.com\/wp-content\/uploads\/2023\/10\/thh-1-1260x1260.jpg 1260w, https:\/\/thathappyhealth.com\/wp-content\/uploads\/2023\/10\/thh-1.jpg 1500w\" sizes=\"(max-width: 1024px) 100vw, 1024px\" \/>\t\t\t\t\t\t\t\t\t\t\t\t\t\t\t\t\t\t\t\t\t\t\t\t<\/div>\n\t\t\t\t\t\t<\/div>\n\t\t\t\t<\/div>\n\t\t\t\t<div class=\"elementor-element elementor-element-e3a9d40 elementor-widget elementor-widget-heading\" data-id=\"e3a9d40\" data-element_type=\"widget\" data-settings=\"{&quot;_animation&quot;:&quot;none&quot;}\" data-widget_type=\"heading.default\">\n\t\t\t\t<div class=\"elementor-widget-container\">\n\t\t\t<h2 class=\"elementor-heading-title elementor-size-default\">Programi 1<\/h2>\t\t<\/div>\n\t\t\t\t<\/div>\n\t\t\t\t<div class=\"elementor-element elementor-element-8052711 elementor-widget elementor-widget-text-editor\" data-id=\"8052711\" data-element_type=\"widget\" data-widget_type=\"text-editor.default\">\n\t\t\t\t<div class=\"elementor-widget-container\">\n\t\t\t\t\t\t\t<p>DURATION<\/p>\t\t\t\t\t\t<\/div>\n\t\t\t\t<\/div>\n\t\t\t\t<div class=\"elementor-element elementor-element-3f7b986 elementor-mobile-align-justify elementor-align-justify elementor-widget elementor-widget-button\" data-id=\"3f7b986\" data-element_type=\"widget\" data-widget_type=\"button.default\">\n\t\t\t\t<div class=\"elementor-widget-container\">\n\t\t\t\t\t<div class=\"elementor-button-wrapper\">\n\t\t\t<a class=\"elementor-button elementor-button-link elementor-size-sm\" href=\"http:\/\/wellness.thathappyhealth.com\">\n\t\t\t\t\t\t<span class=\"elementor-button-content-wrapper\">\n\t\t\t\t\t\t<span class=\"elementor-button-text\">M\u00cbSO M\u00cb SHUM\u00cb<\/span>\n\t\t<\/span>\n\t\t\t\t\t<\/a>\n\t\t<\/div>\n\t\t\t\t<\/div>\n\t\t\t\t<\/div>\n\t\t\t\t<\/div>\n\t\t<div class=\"elementor-element elementor-element-7d0b40e e-con-full e-flex e-con e-child\" data-id=\"7d0b40e\" data-element_type=\"container\" data-settings=\"{&quot;content_width&quot;:&quot;full&quot;,&quot;background_background&quot;:&quot;classic&quot;}\">\n\t\t\t\t<div class=\"elementor-element elementor-element-f3625ea elementor-widget elementor-widget-image\" data-id=\"f3625ea\" data-element_type=\"widget\" data-widget_type=\"image.default\">\n\t\t\t\t<div class=\"elementor-widget-container\">\n\t\t\t\t\t\t\t<div class=\"elementor-image\">\n\t\t\t\t\t\t\t\t\t\t\t\t\t\t\t\t\t\t\t\t\t<img loading=\"lazy\" decoding=\"async\" width=\"1024\" height=\"1024\" src=\"https:\/\/thathappyhealth.com\/wp-content\/uploads\/2023\/10\/thh-1-1024x1024.jpg\" class=\"attachment-large size-large wp-image-987894\" alt=\"\" srcset=\"https:\/\/thathappyhealth.com\/wp-content\/uploads\/2023\/10\/thh-1-1024x1024.jpg 1024w, https:\/\/thathappyhealth.com\/wp-content\/uploads\/2023\/10\/thh-1-420x420.jpg 420w, https:\/\/thathappyhealth.com\/wp-content\/uploads\/2023\/10\/thh-1-315x315.jpg 315w, https:\/\/thathappyhealth.com\/wp-content\/uploads\/2023\/10\/thh-1-630x630.jpg 630w, https:\/\/thathappyhealth.com\/wp-content\/uploads\/2023\/10\/thh-1-300x300.jpg 300w, https:\/\/thathappyhealth.com\/wp-content\/uploads\/2023\/10\/thh-1-150x150.jpg 150w, https:\/\/thathappyhealth.com\/wp-content\/uploads\/2023\/10\/thh-1-768x768.jpg 768w, https:\/\/thathappyhealth.com\/wp-content\/uploads\/2023\/10\/thh-1-840x840.jpg 840w, https:\/\/thathappyhealth.com\/wp-content\/uploads\/2023\/10\/thh-1-1260x1260.jpg 1260w, https:\/\/thathappyhealth.com\/wp-content\/uploads\/2023\/10\/thh-1.jpg 1500w\" sizes=\"(max-width: 1024px) 100vw, 1024px\" \/>\t\t\t\t\t\t\t\t\t\t\t\t\t\t\t\t\t\t\t\t\t\t\t\t<\/div>\n\t\t\t\t\t\t<\/div>\n\t\t\t\t<\/div>\n\t\t\t\t<div class=\"elementor-element elementor-element-0fe1450 elementor-widget elementor-widget-heading\" data-id=\"0fe1450\" data-element_type=\"widget\" data-settings=\"{&quot;_animation&quot;:&quot;none&quot;}\" data-widget_type=\"heading.default\">\n\t\t\t\t<div class=\"elementor-widget-container\">\n\t\t\t<h2 class=\"elementor-heading-title elementor-size-default\">Programi 2<\/h2>\t\t<\/div>\n\t\t\t\t<\/div>\n\t\t\t\t<div class=\"elementor-element elementor-element-0dce93e elementor-widget elementor-widget-text-editor\" data-id=\"0dce93e\" data-element_type=\"widget\" data-widget_type=\"text-editor.default\">\n\t\t\t\t<div class=\"elementor-widget-container\">\n\t\t\t\t\t\t\t<p>DURATION<\/p>\t\t\t\t\t\t<\/div>\n\t\t\t\t<\/div>\n\t\t\t\t<div class=\"elementor-element elementor-element-4106928 elementor-mobile-align-justify elementor-align-justify elementor-widget elementor-widget-button\" data-id=\"4106928\" data-element_type=\"widget\" data-widget_type=\"button.default\">\n\t\t\t\t<div class=\"elementor-widget-container\">\n\t\t\t\t\t<div class=\"elementor-button-wrapper\">\n\t\t\t<a class=\"elementor-button elementor-button-link elementor-size-sm\" href=\"http:\/\/wellness.thathappyhealth.com\">\n\t\t\t\t\t\t<span class=\"elementor-button-content-wrapper\">\n\t\t\t\t\t\t<span class=\"elementor-button-text\">M\u00cbSO M\u00cb SHUM\u00cb<\/span>\n\t\t<\/span>\n\t\t\t\t\t<\/a>\n\t\t<\/div>\n\t\t\t\t<\/div>\n\t\t\t\t<\/div>\n\t\t\t\t<\/div>\n\t\t<div class=\"elementor-element elementor-element-91fe2be e-con-full e-flex e-con e-child\" data-id=\"91fe2be\" data-element_type=\"container\" data-settings=\"{&quot;content_width&quot;:&quot;full&quot;,&quot;background_background&quot;:&quot;classic&quot;}\">\n\t\t\t\t<div class=\"elementor-element elementor-element-bd6f7cd elementor-widget elementor-widget-image\" data-id=\"bd6f7cd\" data-element_type=\"widget\" data-widget_type=\"image.default\">\n\t\t\t\t<div class=\"elementor-widget-container\">\n\t\t\t\t\t\t\t<div class=\"elementor-image\">\n\t\t\t\t\t\t\t\t\t\t\t\t\t\t\t\t\t\t\t\t\t<img loading=\"lazy\" decoding=\"async\" width=\"1024\" height=\"1024\" src=\"https:\/\/thathappyhealth.com\/wp-content\/uploads\/2023\/10\/thh-1-1024x1024.jpg\" class=\"attachment-large size-large wp-image-987894\" alt=\"\" srcset=\"https:\/\/thathappyhealth.com\/wp-content\/uploads\/2023\/10\/thh-1-1024x1024.jpg 1024w, https:\/\/thathappyhealth.com\/wp-content\/uploads\/2023\/10\/thh-1-420x420.jpg 420w, https:\/\/thathappyhealth.com\/wp-content\/uploads\/2023\/10\/thh-1-315x315.jpg 315w, https:\/\/thathappyhealth.com\/wp-content\/uploads\/2023\/10\/thh-1-630x630.jpg 630w, https:\/\/thathappyhealth.com\/wp-content\/uploads\/2023\/10\/thh-1-300x300.jpg 300w, https:\/\/thathappyhealth.com\/wp-content\/uploads\/2023\/10\/thh-1-150x150.jpg 150w, https:\/\/thathappyhealth.com\/wp-content\/uploads\/2023\/10\/thh-1-768x768.jpg 768w, https:\/\/thathappyhealth.com\/wp-content\/uploads\/2023\/10\/thh-1-840x840.jpg 840w, https:\/\/thathappyhealth.com\/wp-content\/uploads\/2023\/10\/thh-1-1260x1260.jpg 1260w, https:\/\/thathappyhealth.com\/wp-content\/uploads\/2023\/10\/thh-1.jpg 1500w\" sizes=\"(max-width: 1024px) 100vw, 1024px\" \/>\t\t\t\t\t\t\t\t\t\t\t\t\t\t\t\t\t\t\t\t\t\t\t\t<\/div>\n\t\t\t\t\t\t<\/div>\n\t\t\t\t<\/div>\n\t\t\t\t<div class=\"elementor-element elementor-element-9d75e25 elementor-widget elementor-widget-heading\" data-id=\"9d75e25\" data-element_type=\"widget\" data-settings=\"{&quot;_animation&quot;:&quot;none&quot;}\" data-widget_type=\"heading.default\">\n\t\t\t\t<div class=\"elementor-widget-container\">\n\t\t\t<h2 class=\"elementor-heading-title elementor-size-default\">Programi 3<\/h2>\t\t<\/div>\n\t\t\t\t<\/div>\n\t\t\t\t<div class=\"elementor-element elementor-element-7ba1d0b elementor-widget elementor-widget-text-editor\" data-id=\"7ba1d0b\" data-element_type=\"widget\" data-widget_type=\"text-editor.default\">\n\t\t\t\t<div class=\"elementor-widget-container\">\n\t\t\t\t\t\t\t<p>DURATION<\/p>\t\t\t\t\t\t<\/div>\n\t\t\t\t<\/div>\n\t\t\t\t<div class=\"elementor-element elementor-element-287f3b9 elementor-mobile-align-justify elementor-align-justify elementor-widget elementor-widget-button\" data-id=\"287f3b9\" data-element_type=\"widget\" data-widget_type=\"button.default\">\n\t\t\t\t<div class=\"elementor-widget-container\">\n\t\t\t\t\t<div class=\"elementor-button-wrapper\">\n\t\t\t<a class=\"elementor-button elementor-button-link elementor-size-sm\" href=\"http:\/\/wellness.thathappyhealth.com\">\n\t\t\t\t\t\t<span class=\"elementor-button-content-wrapper\">\n\t\t\t\t\t\t<span class=\"elementor-button-text\">M\u00cbSO M\u00cb SHUM\u00cb<\/span>\n\t\t<\/span>\n\t\t\t\t\t<\/a>\n\t\t<\/div>\n\t\t\t\t<\/div>\n\t\t\t\t<\/div>\n\t\t\t\t<\/div>\n\t\t<div class=\"elementor-element elementor-element-6a0b165 e-con-full e-flex e-con e-child\" data-id=\"6a0b165\" data-element_type=\"container\" data-settings=\"{&quot;content_width&quot;:&quot;full&quot;,&quot;background_background&quot;:&quot;classic&quot;}\">\n\t\t\t\t<div class=\"elementor-element elementor-element-904d272 elementor-widget elementor-widget-image\" data-id=\"904d272\" data-element_type=\"widget\" data-widget_type=\"image.default\">\n\t\t\t\t<div class=\"elementor-widget-container\">\n\t\t\t\t\t\t\t<div class=\"elementor-image\">\n\t\t\t\t\t\t\t\t\t\t\t\t\t\t\t\t\t\t\t\t\t<img loading=\"lazy\" decoding=\"async\" width=\"1024\" height=\"1024\" src=\"https:\/\/thathappyhealth.com\/wp-content\/uploads\/2023\/10\/thh-1-1024x1024.jpg\" class=\"attachment-large size-large wp-image-987894\" alt=\"\" srcset=\"https:\/\/thathappyhealth.com\/wp-content\/uploads\/2023\/10\/thh-1-1024x1024.jpg 1024w, https:\/\/thathappyhealth.com\/wp-content\/uploads\/2023\/10\/thh-1-420x420.jpg 420w, https:\/\/thathappyhealth.com\/wp-content\/uploads\/2023\/10\/thh-1-315x315.jpg 315w, https:\/\/thathappyhealth.com\/wp-content\/uploads\/2023\/10\/thh-1-630x630.jpg 630w, https:\/\/thathappyhealth.com\/wp-content\/uploads\/2023\/10\/thh-1-300x300.jpg 300w, https:\/\/thathappyhealth.com\/wp-content\/uploads\/2023\/10\/thh-1-150x150.jpg 150w, https:\/\/thathappyhealth.com\/wp-content\/uploads\/2023\/10\/thh-1-768x768.jpg 768w, https:\/\/thathappyhealth.com\/wp-content\/uploads\/2023\/10\/thh-1-840x840.jpg 840w, https:\/\/thathappyhealth.com\/wp-content\/uploads\/2023\/10\/thh-1-1260x1260.jpg 1260w, https:\/\/thathappyhealth.com\/wp-content\/uploads\/2023\/10\/thh-1.jpg 1500w\" sizes=\"(max-width: 1024px) 100vw, 1024px\" \/>\t\t\t\t\t\t\t\t\t\t\t\t\t\t\t\t\t\t\t\t\t\t\t\t<\/div>\n\t\t\t\t\t\t<\/div>\n\t\t\t\t<\/div>\n\t\t\t\t<div class=\"elementor-element elementor-element-9d2f08c elementor-widget elementor-widget-heading\" data-id=\"9d2f08c\" data-element_type=\"widget\" data-settings=\"{&quot;_animation&quot;:&quot;none&quot;}\" data-widget_type=\"heading.default\">\n\t\t\t\t<div class=\"elementor-widget-container\">\n\t\t\t<h2 class=\"elementor-heading-title elementor-size-default\">Programi 4<\/h2>\t\t<\/div>\n\t\t\t\t<\/div>\n\t\t\t\t<div class=\"elementor-element elementor-element-ef1451c elementor-widget elementor-widget-text-editor\" data-id=\"ef1451c\" data-element_type=\"widget\" data-widget_type=\"text-editor.default\">\n\t\t\t\t<div class=\"elementor-widget-container\">\n\t\t\t\t\t\t\t<p>DURATION<\/p>\t\t\t\t\t\t<\/div>\n\t\t\t\t<\/div>\n\t\t\t\t<div class=\"elementor-element elementor-element-f48f1d0 elementor-mobile-align-justify elementor-align-justify elementor-widget elementor-widget-button\" data-id=\"f48f1d0\" data-element_type=\"widget\" data-widget_type=\"button.default\">\n\t\t\t\t<div class=\"elementor-widget-container\">\n\t\t\t\t\t<div class=\"elementor-button-wrapper\">\n\t\t\t<a class=\"elementor-button elementor-button-link elementor-size-sm\" href=\"http:\/\/wellness.thathappyhealth.com\">\n\t\t\t\t\t\t<span class=\"elementor-button-content-wrapper\">\n\t\t\t\t\t\t<span class=\"elementor-button-text\">M\u00cbSO M\u00cb SHUM\u00cb<\/span>\n\t\t<\/span>\n\t\t\t\t\t<\/a>\n\t\t<\/div>\n\t\t\t\t<\/div>\n\t\t\t\t<\/div>\n\t\t\t\t<\/div>\n\t\t\t\t\t<\/div>\n\t\t\t\t<\/div>\n\t\t<div class=\"elementor-element elementor-element-3287e06 e-flex e-con-boxed e-con e-parent\" data-id=\"3287e06\" data-element_type=\"container\" data-settings=\"{&quot;content_width&quot;:&quot;boxed&quot;}\" data-core-v316-plus=\"true\">\n\t\t\t\t\t<div class=\"e-con-inner\">\n\t\t\t\t\t<\/div>\n\t\t\t\t<\/div>\n\t\t\t\t\t\t\t<\/div>","protected":false},"excerpt":{"rendered":"<p>ORGANIC FOOD CULTIVATOR Arsa Meet Arsa, a passionate cultivator with a green thumb deeply ingrained from childhood. Raised in a family that valued the art of gardening, Arsa has fostered a lifelong connection to the soil. ABOUT ARSA From those early days of planting seeds with loved ones to pioneering urban gardening in the heart&#8230;<\/p>","protected":false},"author":1,"featured_media":988278,"parent":991359,"menu_order":0,"comment_status":"closed","ping_status":"closed","template":"","meta":{"_acf_changed":false,"inline_featured_image":false,"footnotes":""},"class_list":["post-991542","page","type-page","status-publish","has-post-thumbnail","hentry"],"acf":[],"_links":{"self":[{"href":"https:\/\/thathappyhealth.com\/sq\/wp-json\/wp\/v2\/pages\/991542"}],"collection":[{"href":"https:\/\/thathappyhealth.com\/sq\/wp-json\/wp\/v2\/pages"}],"about":[{"href":"https:\/\/thathappyhealth.com\/sq\/wp-json\/wp\/v2\/types\/page"}],"author":[{"embeddable":true,"href":"https:\/\/thathappyhealth.com\/sq\/wp-json\/wp\/v2\/users\/1"}],"replies":[{"embeddable":true,"href":"https:\/\/thathappyhealth.com\/sq\/wp-json\/wp\/v2\/comments?post=991542"}],"version-history":[{"count":10,"href":"https:\/\/thathappyhealth.com\/sq\/wp-json\/wp\/v2\/pages\/991542\/revisions"}],"predecessor-version":[{"id":992301,"href":"https:\/\/thathappyhealth.com\/sq\/wp-json\/wp\/v2\/pages\/991542\/revisions\/992301"}],"up":[{"embeddable":true,"href":"https:\/\/thathappyhealth.com\/sq\/wp-json\/wp\/v2\/pages\/991359"}],"wp:featuredmedia":[{"embeddable":true,"href":"https:\/\/thathappyhealth.com\/sq\/wp-json\/wp\/v2\/media\/988278"}],"wp:attachment":[{"href":"https:\/\/thathappyhealth.com\/sq\/wp-json\/wp\/v2\/media?parent=991542"}],"curies":[{"name":"wp","href":"https:\/\/api.w.org\/{rel}","templated":true}]}}