{"id":992209,"date":"2024-05-27T22:58:08","date_gmt":"2024-05-27T21:58:08","guid":{"rendered":"https:\/\/thathappyhealth.com\/?page_id=992209"},"modified":"2024-05-27T23:00:17","modified_gmt":"2024-05-27T22:00:17","slug":"disclaimer","status":"publish","type":"page","link":"https:\/\/thathappyhealth.com\/sq\/disclaimer\/","title":{"rendered":"MOHIM"},"content":{"rendered":"<div data-elementor-type=\"wp-page\" data-elementor-id=\"992209\" class=\"elementor elementor-992209\" data-elementor-post-type=\"page\">\n\t\t\t\t\t\t\t<div class=\"elementor-element elementor-element-43eb663d e-flex e-con-boxed e-con e-parent\" data-id=\"43eb663d\" data-element_type=\"container\" data-settings=\"{&quot;content_width&quot;:&quot;boxed&quot;}\" data-core-v316-plus=\"true\">\n\t\t\t\t\t<div class=\"e-con-inner\">\n\t\t\t\t<div class=\"elementor-element elementor-element-2f426b6a elementor-widget elementor-widget-text-editor\" data-id=\"2f426b6a\" data-element_type=\"widget\" data-widget_type=\"text-editor.default\">\n\t\t\t\t<div class=\"elementor-widget-container\">\n\t\t\t<style>\/*! elementor - v3.17.0 - 25-10-2023 *\/\n.elementor-widget-text-editor.elementor-drop-cap-view-stacked .elementor-drop-cap{background-color:#69727d;color:#fff}.elementor-widget-text-editor.elementor-drop-cap-view-framed .elementor-drop-cap{color:#69727d;border:3px solid;background-color:transparent}.elementor-widget-text-editor:not(.elementor-drop-cap-view-default) .elementor-drop-cap{margin-top:8px}.elementor-widget-text-editor:not(.elementor-drop-cap-view-default) .elementor-drop-cap-letter{width:1em;height:1em}.elementor-widget-text-editor .elementor-drop-cap{float:left;text-align:center;line-height:1;font-size:50px}.elementor-widget-text-editor .elementor-drop-cap-letter{display:inline-block}<\/style>\t\t\t\t<!-- wp:paragraph -->\n<p>Thathappyhealth \u00ebsht\u00eb nj\u00eb platform\u00eb n\u00eb internet q\u00eb ofron n\u00eb m\u00ebnyr\u00eb eksplicite p\u00ebrmbajtje dhe sh\u00ebrbime q\u00eb jan\u00eb vet\u00ebm p\u00ebr q\u00ebllime informative dhe edukative dhe nuk z\u00ebvend\u00ebson k\u00ebshillat mjek\u00ebsore profesionale. Ne i k\u00ebshillojm\u00eb me theksim t\u00eb  lart p\u00ebrdoruesit q\u00eb t\u00eb konsultohen me nj\u00eb profesionist mjek\u00ebsor ose ofrues t\u00eb kujdesit sh\u00ebndet\u00ebsor n\u00ebse k\u00ebrkojn\u00eb k\u00ebshilla mjek\u00ebsore, diagnoza ose trajtim.<\/p>\n<p>Ne inkurajojm\u00eb fuqimisht p\u00ebrdoruesit q\u00eb n\u00eb m\u00ebnyr\u00eb proaktive t\u00eb k\u00ebrkojn\u00eb udh\u00ebzime ekspert\u00ebsh t\u00eb p\u00ebrshtatur p\u00ebr rrethanat e tyre, duke hequr k\u00ebshtu \u00e7do nocion t\u00eb mb\u00ebshtetjes te vetja vet\u00ebm n\u00eb p\u00ebrmbajtjen e faqes son\u00eb t\u00eb internetit.<\/p>\n<p>Ne artikulojm\u00eb shum\u00eb rreziqet e qen\u00ebsishme q\u00eb lidhen me mb\u00ebshtetjen vet\u00ebm n\u00eb informacionin n\u00eb internet p\u00ebr vendime n\u00eb lidhje me sh\u00ebndetin. Ne theksojm\u00eb fuqimisht se p\u00ebrdoruesit angazhohen me p\u00ebrmbajtjen n\u00eb rrezikun e tyre dhe se pronari i faqes s\u00eb internetit nuk mban asnj\u00eb p\u00ebrgjegj\u00ebsi p\u00ebr ndonj\u00eb rezultat negativ q\u00eb rrjedh nga nj\u00eb angazhim i till\u00eb.<\/p>\n<p>Ne gjithashtu nuk marrim \"asnj\u00eb p\u00ebrgjegj\u00ebsi\" p\u00ebr konsultimet me ekspert\u00eb t\u00eb pal\u00ebve t\u00eb treta n\u00eb platform\u00ebn ton\u00eb q\u00eb ofrojn\u00eb produkte dhe sh\u00ebrbime n\u00eb platform\u00ebn ton\u00eb. Prandaj ju lutem informohuni shtes\u00eb    rreth produkteve apo ekspertet q\u00eb ofrojn\u00eb konsultimet n\u00eb  platform\u00ebn ton\u00eb.<\/p>\n<!-- \/wp:paragraph -->\t\t\t\t\t\t<\/div>\n\t\t\t\t<\/div>\n\t\t\t\t\t<\/div>\n\t\t\t\t<\/div>\n\t\t\t\t\t\t\t<\/div>","protected":false},"excerpt":{"rendered":"<p>Thathappyhealth is an online platform that explicitly provides content and services that are strictly informational and educational purposes only, and does not substitute for professional medical advice. We strongly advice users to consult a medical professional or healthcare provider if they&#8217;re seeking medical advice, diagnoses, or treatment. We strongly encourage users to proactively seek expert&#8230;<\/p>","protected":false},"author":1,"featured_media":0,"parent":0,"menu_order":0,"comment_status":"closed","ping_status":"closed","template":"","meta":{"_acf_changed":false,"inline_featured_image":false,"footnotes":""},"class_list":["post-992209","page","type-page","status-publish","hentry"],"acf":[],"_links":{"self":[{"href":"https:\/\/thathappyhealth.com\/sq\/wp-json\/wp\/v2\/pages\/992209"}],"collection":[{"href":"https:\/\/thathappyhealth.com\/sq\/wp-json\/wp\/v2\/pages"}],"about":[{"href":"https:\/\/thathappyhealth.com\/sq\/wp-json\/wp\/v2\/types\/page"}],"author":[{"embeddable":true,"href":"https:\/\/thathappyhealth.com\/sq\/wp-json\/wp\/v2\/users\/1"}],"replies":[{"embeddable":true,"href":"https:\/\/thathappyhealth.com\/sq\/wp-json\/wp\/v2\/comments?post=992209"}],"version-history":[{"count":10,"href":"https:\/\/thathappyhealth.com\/sq\/wp-json\/wp\/v2\/pages\/992209\/revisions"}],"predecessor-version":[{"id":992221,"href":"https:\/\/thathappyhealth.com\/sq\/wp-json\/wp\/v2\/pages\/992209\/revisions\/992221"}],"wp:attachment":[{"href":"https:\/\/thathappyhealth.com\/sq\/wp-json\/wp\/v2\/media?parent=992209"}],"curies":[{"name":"wp","href":"https:\/\/api.w.org\/{rel}","templated":true}]}}