{"id":991586,"date":"2024-01-24T17:12:42","date_gmt":"2024-01-24T17:12:42","guid":{"rendered":"https:\/\/thathappyhealth.com\/?post_type=product&#038;p=991586"},"modified":"2024-01-24T17:18:45","modified_gmt":"2024-01-24T17:18:45","slug":"dna-health","status":"publish","type":"product","link":"https:\/\/thathappyhealth.com\/sq\/produkt\/dna-health\/","title":{"rendered":"DNA Health"},"content":{"rendered":"<div class=\"vgblk-rw-wrapper limit-wrapper\">The DNA Health test serves as a basis to understand the functioning of key biological pathways that govern overall health, and how genetic weaknesses in these pathways may increase predisposition to chronic diseases of lifestyle. Ideal for: DNA Health can be viewed as a \u2018foundation to health\u2019 test and is thus appropriate for any individual seeking to improve their health outcomes, be it those who already suffer from, or those who are concerned about a family history of chronic disease. The test is also valuable for those who would like to optimise health outcomes and refine their health routine with a targeted approach to diet, lifestyle and nutraceuticals.<\/div>\n<p><!-- .vgblk-rw-wrapper --><\/p>","protected":false},"excerpt":{"rendered":"<p>Testet e DNA Health\u00ae p\u00ebr variacionet gjenetike dihet se kan\u00eb nj\u00eb efekt t\u00eb r\u00ebnd\u00ebsish\u00ebm.<\/p>","protected":false},"featured_media":991590,"template":"","meta":{"_acf_changed":false,"inline_featured_image":false},"product_cat":[91],"product_tag":[],"class_list":{"0":"post-991586","1":"product","2":"type-product","3":"status-publish","4":"has-post-thumbnail","6":"product_cat-dna-testing","8":"first","9":"instock","10":"taxable","11":"shipping-taxable","12":"purchasable","13":"product-type-simple"},"acf":[],"_links":{"self":[{"href":"https:\/\/thathappyhealth.com\/sq\/wp-json\/wp\/v2\/product\/991586"}],"collection":[{"href":"https:\/\/thathappyhealth.com\/sq\/wp-json\/wp\/v2\/product"}],"about":[{"href":"https:\/\/thathappyhealth.com\/sq\/wp-json\/wp\/v2\/types\/product"}],"version-history":[{"count":1,"href":"https:\/\/thathappyhealth.com\/sq\/wp-json\/wp\/v2\/product\/991586\/revisions"}],"predecessor-version":[{"id":991587,"href":"https:\/\/thathappyhealth.com\/sq\/wp-json\/wp\/v2\/product\/991586\/revisions\/991587"}],"wp:featuredmedia":[{"embeddable":true,"href":"https:\/\/thathappyhealth.com\/sq\/wp-json\/wp\/v2\/media\/991590"}],"wp:attachment":[{"href":"https:\/\/thathappyhealth.com\/sq\/wp-json\/wp\/v2\/media?parent=991586"}],"wp:term":[{"taxonomy":"product_cat","embeddable":true,"href":"https:\/\/thathappyhealth.com\/sq\/wp-json\/wp\/v2\/product_cat?post=991586"},{"taxonomy":"product_tag","embeddable":true,"href":"https:\/\/thathappyhealth.com\/sq\/wp-json\/wp\/v2\/product_tag?post=991586"}],"curies":[{"name":"wp","href":"https:\/\/api.w.org\/{rel}","templated":true}]}}