{"id":991780,"date":"2024-02-04T16:52:29","date_gmt":"2024-02-04T16:52:29","guid":{"rendered":"https:\/\/thathappyhealth.com\/?post_type=product&#038;p=991780"},"modified":"2024-02-04T16:53:48","modified_gmt":"2024-02-04T16:53:48","slug":"dna-active","status":"publish","type":"product","link":"https:\/\/thathappyhealth.com\/sq\/produkt\/dna-active\/","title":{"rendered":"DNA Active"},"content":{"rendered":"<div class=\"vgblk-rw-wrapper limit-wrapper\">DNA Active\u00ae is a genetic test designed to guide the personalisation of training and nutritional recommendations to optimise athletic performance. It provides insight into power and endurance potential, genetic risk for soft tissue injuries and how to ensure optimal recovery time between high intensity sessions.<\/div>\n<p><!-- .vgblk-rw-wrapper --><\/p>","protected":false},"excerpt":{"rendered":"<p>DNA Active\u00ae \u00ebsht\u00eb nj\u00eb test gjenetik i ADN-s\u00eb q\u00eb raporton mbi gjenin e ADN-s\u00eb t\u00eb varianteve.<\/p>","protected":false},"featured_media":991781,"template":"","meta":{"_acf_changed":false,"inline_featured_image":false},"product_cat":[91],"product_tag":[],"class_list":{"0":"post-991780","1":"product","2":"type-product","3":"status-publish","4":"has-post-thumbnail","6":"product_cat-dna-testing","8":"first","9":"instock","10":"taxable","11":"shipping-taxable","12":"purchasable","13":"product-type-simple"},"acf":[],"_links":{"self":[{"href":"https:\/\/thathappyhealth.com\/sq\/wp-json\/wp\/v2\/product\/991780"}],"collection":[{"href":"https:\/\/thathappyhealth.com\/sq\/wp-json\/wp\/v2\/product"}],"about":[{"href":"https:\/\/thathappyhealth.com\/sq\/wp-json\/wp\/v2\/types\/product"}],"version-history":[{"count":1,"href":"https:\/\/thathappyhealth.com\/sq\/wp-json\/wp\/v2\/product\/991780\/revisions"}],"predecessor-version":[{"id":991782,"href":"https:\/\/thathappyhealth.com\/sq\/wp-json\/wp\/v2\/product\/991780\/revisions\/991782"}],"wp:featuredmedia":[{"embeddable":true,"href":"https:\/\/thathappyhealth.com\/sq\/wp-json\/wp\/v2\/media\/991781"}],"wp:attachment":[{"href":"https:\/\/thathappyhealth.com\/sq\/wp-json\/wp\/v2\/media?parent=991780"}],"wp:term":[{"taxonomy":"product_cat","embeddable":true,"href":"https:\/\/thathappyhealth.com\/sq\/wp-json\/wp\/v2\/product_cat?post=991780"},{"taxonomy":"product_tag","embeddable":true,"href":"https:\/\/thathappyhealth.com\/sq\/wp-json\/wp\/v2\/product_tag?post=991780"}],"curies":[{"name":"wp","href":"https:\/\/api.w.org\/{rel}","templated":true}]}}